{"id":9274,"date":"2024-06-07T13:20:06","date_gmt":"2024-06-07T13:20:06","guid":{"rendered":"https:\/\/thermobile.falkor.alcor.cloud\/product\/cheminee-avec-chapeau-integre-o150-anthracite\/"},"modified":"2025-11-10T08:08:52","modified_gmt":"2025-11-10T08:08:52","slug":"cheminee-avec-chapeau-integre-o150-anthracite","status":"publish","type":"product","link":"https:\/\/www.thermobile.com\/fr\/product\/cheminee-avec-chapeau-integre-o150-anthracite\/","title":{"rendered":"Chemin\u00e9e avec chapeau int\u00e9gr\u00e9 &#8211; \u00d8150, Anthracite"},"content":{"rendered":"","protected":false},"excerpt":{"rendered":"","protected":false},"featured_media":6459,"comment_status":"open","ping_status":"open","template":"","meta":{"_acf_changed":false},"room":[840,208,206,207,209,837],"sector":[212,242,210,240,241,211,244,243],"fuel-type":[684],"product_brand":[],"product_cat":[749,542],"product_tag":[265],"class_list":{"0":"post-9274","1":"product","2":"type-product","3":"status-publish","4":"has-post-thumbnail","6":"room-atelier","7":"room-chantier","8":"room-grange-etable","9":"room-halle-d-entreprise","10":"room-tente","11":"room-tunnel-poly","12":"sector-agriculture","13":"sector-chauffage-durgence","14":"sector-construction","15":"sector-defense","16":"sector-evenements","17":"sector-industrie-fr","18":"sector-location","19":"sector-lutte-anti-parasitaire","20":"fuel-type-conduit-de-fumee","21":"product_cat-accessoires-fr","22":"product_cat-cheminees","23":"product_tag-accessoire-fr","25":"first","26":"instock","27":"shipping-taxable","28":"purchasable","29":"product-type-simple"},"acf":[],"yoast_head":"<!-- This site is optimized with the Yoast SEO plugin v25.9 - https:\/\/yoast.com\/wordpress\/plugins\/seo\/ -->\n<title>Chemin\u00e9e avec chapeau int\u00e9gr\u00e9 - \u00d8150, Anthracite - Thermobile<\/title>\n<meta name=\"robots\" content=\"index, follow, max-snippet:-1, max-image-preview:large, max-video-preview:-1\" \/>\n<link rel=\"canonical\" href=\"https:\/\/www.thermobile.com\/product\/schoorsteen-ingebouwde-regenkap-o150-antraciet\/\" \/>\n<meta property=\"og:locale\" content=\"fr_FR\" \/>\n<meta property=\"og:type\" content=\"article\" \/>\n<meta property=\"og:title\" content=\"Chemin\u00e9e avec chapeau int\u00e9gr\u00e9 - \u00d8150, Anthracite - Thermobile\" \/>\n<meta property=\"og:url\" content=\"https:\/\/www.thermobile.com\/product\/schoorsteen-ingebouwde-regenkap-o150-antraciet\/\" \/>\n<meta property=\"og:site_name\" content=\"Thermobile\" \/>\n<meta property=\"article:modified_time\" content=\"2025-11-10T08:08:52+00:00\" \/>\n<meta property=\"og:image\" content=\"https:\/\/www.thermobile.com\/wp-content\/uploads\/2024\/06\/41352090-Schoorsteen-Ingebouwde-regenkap-150mm.jpg\" \/>\n\t<meta property=\"og:image:width\" content=\"1920\" \/>\n\t<meta property=\"og:image:height\" content=\"1393\" \/>\n\t<meta property=\"og:image:type\" content=\"image\/jpeg\" \/>\n<meta name=\"twitter:card\" content=\"summary_large_image\" \/>\n<script type=\"application\/ld+json\" class=\"yoast-schema-graph\">{\"@context\":\"https:\/\/schema.org\",\"@graph\":[{\"@type\":\"WebPage\",\"@id\":\"https:\/\/www.thermobile.com\/product\/schoorsteen-ingebouwde-regenkap-o150-antraciet\/\",\"url\":\"https:\/\/www.thermobile.com\/product\/schoorsteen-ingebouwde-regenkap-o150-antraciet\/\",\"name\":\"Chemin\u00e9e avec chapeau int\u00e9gr\u00e9 - \u00d8150, Anthracite - Thermobile\",\"isPartOf\":{\"@id\":\"https:\/\/www.thermobile.com\/#website\"},\"primaryImageOfPage\":{\"@id\":\"https:\/\/www.thermobile.com\/product\/schoorsteen-ingebouwde-regenkap-o150-antraciet\/#primaryimage\"},\"image\":{\"@id\":\"https:\/\/www.thermobile.com\/product\/schoorsteen-ingebouwde-regenkap-o150-antraciet\/#primaryimage\"},\"thumbnailUrl\":\"https:\/\/www.thermobile.com\/wp-content\/uploads\/2024\/06\/41352090-Schoorsteen-Ingebouwde-regenkap-150mm.jpg\",\"datePublished\":\"2024-06-07T13:20:06+00:00\",\"dateModified\":\"2025-11-10T08:08:52+00:00\",\"breadcrumb\":{\"@id\":\"https:\/\/www.thermobile.com\/product\/schoorsteen-ingebouwde-regenkap-o150-antraciet\/#breadcrumb\"},\"inLanguage\":\"fr-FR\",\"potentialAction\":[{\"@type\":\"ReadAction\",\"target\":[\"https:\/\/www.thermobile.com\/product\/schoorsteen-ingebouwde-regenkap-o150-antraciet\/\"]}]},{\"@type\":\"ImageObject\",\"inLanguage\":\"fr-FR\",\"@id\":\"https:\/\/www.thermobile.com\/product\/schoorsteen-ingebouwde-regenkap-o150-antraciet\/#primaryimage\",\"url\":\"https:\/\/www.thermobile.com\/wp-content\/uploads\/2024\/06\/41352090-Schoorsteen-Ingebouwde-regenkap-150mm.jpg\",\"contentUrl\":\"https:\/\/www.thermobile.com\/wp-content\/uploads\/2024\/06\/41352090-Schoorsteen-Ingebouwde-regenkap-150mm.jpg\",\"width\":1920,\"height\":1393},{\"@type\":\"BreadcrumbList\",\"@id\":\"https:\/\/www.thermobile.com\/product\/schoorsteen-ingebouwde-regenkap-o150-antraciet\/#breadcrumb\",\"itemListElement\":[{\"@type\":\"ListItem\",\"position\":1,\"name\":\"Home\",\"item\":\"https:\/\/www.thermobile.com\/fr\/\"},{\"@type\":\"ListItem\",\"position\":2,\"name\":\"Boutique\",\"item\":\"https:\/\/www.thermobile.com\/fr\/boutique\/\"},{\"@type\":\"ListItem\",\"position\":3,\"name\":\"Chemin\u00e9e avec chapeau int\u00e9gr\u00e9 &#8211; \u00d8150, Anthracite\"}]},{\"@type\":\"WebSite\",\"@id\":\"https:\/\/www.thermobile.com\/#website\",\"url\":\"https:\/\/www.thermobile.com\/\",\"name\":\"Thermobile\",\"description\":\"\",\"potentialAction\":[{\"@type\":\"SearchAction\",\"target\":{\"@type\":\"EntryPoint\",\"urlTemplate\":\"https:\/\/www.thermobile.com\/?s={search_term_string}\"},\"query-input\":{\"@type\":\"PropertyValueSpecification\",\"valueRequired\":true,\"valueName\":\"search_term_string\"}}],\"inLanguage\":\"fr-FR\"}]}<\/script>\n<!-- \/ Yoast SEO plugin. -->","yoast_head_json":{"title":"Chemin\u00e9e avec chapeau int\u00e9gr\u00e9 - \u00d8150, Anthracite - Thermobile","robots":{"index":"index","follow":"follow","max-snippet":"max-snippet:-1","max-image-preview":"max-image-preview:large","max-video-preview":"max-video-preview:-1"},"canonical":"https:\/\/www.thermobile.com\/product\/schoorsteen-ingebouwde-regenkap-o150-antraciet\/","og_locale":"fr_FR","og_type":"article","og_title":"Chemin\u00e9e avec chapeau int\u00e9gr\u00e9 - \u00d8150, Anthracite - Thermobile","og_url":"https:\/\/www.thermobile.com\/product\/schoorsteen-ingebouwde-regenkap-o150-antraciet\/","og_site_name":"Thermobile","article_modified_time":"2025-11-10T08:08:52+00:00","og_image":[{"width":1920,"height":1393,"url":"https:\/\/www.thermobile.com\/wp-content\/uploads\/2024\/06\/41352090-Schoorsteen-Ingebouwde-regenkap-150mm.jpg","type":"image\/jpeg"}],"twitter_card":"summary_large_image","schema":{"@context":"https:\/\/schema.org","@graph":[{"@type":"WebPage","@id":"https:\/\/www.thermobile.com\/product\/schoorsteen-ingebouwde-regenkap-o150-antraciet\/","url":"https:\/\/www.thermobile.com\/product\/schoorsteen-ingebouwde-regenkap-o150-antraciet\/","name":"Chemin\u00e9e avec chapeau int\u00e9gr\u00e9 - \u00d8150, Anthracite - Thermobile","isPartOf":{"@id":"https:\/\/www.thermobile.com\/#website"},"primaryImageOfPage":{"@id":"https:\/\/www.thermobile.com\/product\/schoorsteen-ingebouwde-regenkap-o150-antraciet\/#primaryimage"},"image":{"@id":"https:\/\/www.thermobile.com\/product\/schoorsteen-ingebouwde-regenkap-o150-antraciet\/#primaryimage"},"thumbnailUrl":"https:\/\/www.thermobile.com\/wp-content\/uploads\/2024\/06\/41352090-Schoorsteen-Ingebouwde-regenkap-150mm.jpg","datePublished":"2024-06-07T13:20:06+00:00","dateModified":"2025-11-10T08:08:52+00:00","breadcrumb":{"@id":"https:\/\/www.thermobile.com\/product\/schoorsteen-ingebouwde-regenkap-o150-antraciet\/#breadcrumb"},"inLanguage":"fr-FR","potentialAction":[{"@type":"ReadAction","target":["https:\/\/www.thermobile.com\/product\/schoorsteen-ingebouwde-regenkap-o150-antraciet\/"]}]},{"@type":"ImageObject","inLanguage":"fr-FR","@id":"https:\/\/www.thermobile.com\/product\/schoorsteen-ingebouwde-regenkap-o150-antraciet\/#primaryimage","url":"https:\/\/www.thermobile.com\/wp-content\/uploads\/2024\/06\/41352090-Schoorsteen-Ingebouwde-regenkap-150mm.jpg","contentUrl":"https:\/\/www.thermobile.com\/wp-content\/uploads\/2024\/06\/41352090-Schoorsteen-Ingebouwde-regenkap-150mm.jpg","width":1920,"height":1393},{"@type":"BreadcrumbList","@id":"https:\/\/www.thermobile.com\/product\/schoorsteen-ingebouwde-regenkap-o150-antraciet\/#breadcrumb","itemListElement":[{"@type":"ListItem","position":1,"name":"Home","item":"https:\/\/www.thermobile.com\/fr\/"},{"@type":"ListItem","position":2,"name":"Boutique","item":"https:\/\/www.thermobile.com\/fr\/boutique\/"},{"@type":"ListItem","position":3,"name":"Chemin\u00e9e avec chapeau int\u00e9gr\u00e9 &#8211; \u00d8150, Anthracite"}]},{"@type":"WebSite","@id":"https:\/\/www.thermobile.com\/#website","url":"https:\/\/www.thermobile.com\/","name":"Thermobile","description":"","potentialAction":[{"@type":"SearchAction","target":{"@type":"EntryPoint","urlTemplate":"https:\/\/www.thermobile.com\/?s={search_term_string}"},"query-input":{"@type":"PropertyValueSpecification","valueRequired":true,"valueName":"search_term_string"}}],"inLanguage":"fr-FR"}]}},"_links":{"self":[{"href":"https:\/\/www.thermobile.com\/fr\/wp-json\/wp\/v2\/product\/9274","targetHints":{"allow":["GET"]}}],"collection":[{"href":"https:\/\/www.thermobile.com\/fr\/wp-json\/wp\/v2\/product"}],"about":[{"href":"https:\/\/www.thermobile.com\/fr\/wp-json\/wp\/v2\/types\/product"}],"replies":[{"embeddable":true,"href":"https:\/\/www.thermobile.com\/fr\/wp-json\/wp\/v2\/comments?post=9274"}],"wp:featuredmedia":[{"embeddable":true,"href":"https:\/\/www.thermobile.com\/fr\/wp-json\/wp\/v2\/media\/6459"}],"wp:attachment":[{"href":"https:\/\/www.thermobile.com\/fr\/wp-json\/wp\/v2\/media?parent=9274"}],"wp:term":[{"taxonomy":"room","embeddable":true,"href":"https:\/\/www.thermobile.com\/fr\/wp-json\/wp\/v2\/room?post=9274"},{"taxonomy":"sector","embeddable":true,"href":"https:\/\/www.thermobile.com\/fr\/wp-json\/wp\/v2\/sector?post=9274"},{"taxonomy":"fuel-type","embeddable":true,"href":"https:\/\/www.thermobile.com\/fr\/wp-json\/wp\/v2\/fuel-type?post=9274"},{"taxonomy":"product_brand","embeddable":true,"href":"https:\/\/www.thermobile.com\/fr\/wp-json\/wp\/v2\/product_brand?post=9274"},{"taxonomy":"product_cat","embeddable":true,"href":"https:\/\/www.thermobile.com\/fr\/wp-json\/wp\/v2\/product_cat?post=9274"},{"taxonomy":"product_tag","embeddable":true,"href":"https:\/\/www.thermobile.com\/fr\/wp-json\/wp\/v2\/product_tag?post=9274"}],"curies":[{"name":"wp","href":"https:\/\/api.w.org\/{rel}","templated":true}]}}