{"id":9052,"date":"2023-09-19T12:58:39","date_gmt":"2023-09-19T12:58:39","guid":{"rendered":"https:\/\/thermobile.falkor.alcor.cloud\/product\/tete-de-distribution-ita-35-2xo200\/"},"modified":"2025-11-10T08:06:55","modified_gmt":"2025-11-10T08:06:55","slug":"tete-de-distribution-ita-35-2xo200","status":"publish","type":"product","link":"https:\/\/www.thermobile.com\/fr\/product\/tete-de-distribution-ita-35-2xo200\/","title":{"rendered":"T\u00eate de distribution &#8211; ITA-35, 2x\u00d8200"},"content":{"rendered":"<p>T\u00eate de distribution &#8211; ITA-35, 2x\u00d8200<\/p>\n","protected":false},"excerpt":{"rendered":"<p>T\u00eate de distribution &#8211; ITA-35, 2x\u00d8200<\/p>\n","protected":false},"featured_media":6717,"comment_status":"closed","ping_status":"open","template":"","meta":{"_acf_changed":false},"room":[840,208,206,207,209,837],"sector":[212,242,210,240,241,211,244,243],"fuel-type":[680],"product_brand":[],"product_cat":[749,497],"product_tag":[265],"class_list":{"0":"post-9052","1":"product","2":"type-product","3":"status-publish","4":"has-post-thumbnail","6":"room-atelier","7":"room-chantier","8":"room-grange-etable","9":"room-halle-d-entreprise","10":"room-tente","11":"room-tunnel-poly","12":"sector-agriculture","13":"sector-chauffage-durgence","14":"sector-construction","15":"sector-defense","16":"sector-evenements","17":"sector-industrie-fr","18":"sector-location","19":"sector-lutte-anti-parasitaire","20":"fuel-type-tetes-de-distribution-dair","21":"product_cat-accessoires-fr","22":"product_cat-tetes-de-distribution-dair-ita","23":"product_tag-accessoire-fr","25":"first","26":"instock","27":"purchasable","28":"product-type-simple"},"acf":[],"yoast_head":"<!-- This site is optimized with the Yoast SEO plugin v25.9 - https:\/\/yoast.com\/wordpress\/plugins\/seo\/ -->\n<title>T\u00eate de distribution - ITA-35, 2x\u00d8200 - Thermobile<\/title>\n<meta name=\"robots\" content=\"index, follow, max-snippet:-1, max-image-preview:large, max-video-preview:-1\" \/>\n<link rel=\"canonical\" href=\"https:\/\/www.thermobile.com\/product\/luchtverdeelkop-ita-35-2x200\/\" \/>\n<meta property=\"og:locale\" content=\"fr_FR\" \/>\n<meta property=\"og:type\" content=\"article\" \/>\n<meta property=\"og:title\" content=\"T\u00eate de distribution - ITA-35, 2x\u00d8200 - Thermobile\" \/>\n<meta property=\"og:description\" content=\"T\u00eate de distribution &#8211; ITA-35, 2x\u00d8200\" \/>\n<meta property=\"og:url\" content=\"https:\/\/www.thermobile.com\/product\/luchtverdeelkop-ita-35-2x200\/\" \/>\n<meta property=\"og:site_name\" content=\"Thermobile\" \/>\n<meta property=\"article:modified_time\" content=\"2025-11-10T08:06:55+00:00\" \/>\n<meta property=\"og:image\" content=\"https:\/\/www.thermobile.com\/wp-content\/uploads\/2023\/09\/41300125-Luchtverdeelkop-ITA-35-2x200-1.jpg\" \/>\n\t<meta property=\"og:image:width\" content=\"1920\" \/>\n\t<meta property=\"og:image:height\" content=\"1393\" \/>\n\t<meta property=\"og:image:type\" content=\"image\/jpeg\" \/>\n<meta name=\"twitter:card\" content=\"summary_large_image\" \/>\n<script type=\"application\/ld+json\" class=\"yoast-schema-graph\">{\"@context\":\"https:\/\/schema.org\",\"@graph\":[{\"@type\":\"WebPage\",\"@id\":\"https:\/\/www.thermobile.com\/product\/luchtverdeelkop-ita-35-2x200\/\",\"url\":\"https:\/\/www.thermobile.com\/product\/luchtverdeelkop-ita-35-2x200\/\",\"name\":\"T\u00eate de distribution - ITA-35, 2x\u00d8200 - Thermobile\",\"isPartOf\":{\"@id\":\"https:\/\/www.thermobile.com\/#website\"},\"primaryImageOfPage\":{\"@id\":\"https:\/\/www.thermobile.com\/product\/luchtverdeelkop-ita-35-2x200\/#primaryimage\"},\"image\":{\"@id\":\"https:\/\/www.thermobile.com\/product\/luchtverdeelkop-ita-35-2x200\/#primaryimage\"},\"thumbnailUrl\":\"https:\/\/www.thermobile.com\/wp-content\/uploads\/2023\/09\/41300125-Luchtverdeelkop-ITA-35-2x200-1.jpg\",\"datePublished\":\"2023-09-19T12:58:39+00:00\",\"dateModified\":\"2025-11-10T08:06:55+00:00\",\"breadcrumb\":{\"@id\":\"https:\/\/www.thermobile.com\/product\/luchtverdeelkop-ita-35-2x200\/#breadcrumb\"},\"inLanguage\":\"fr-FR\",\"potentialAction\":[{\"@type\":\"ReadAction\",\"target\":[\"https:\/\/www.thermobile.com\/product\/luchtverdeelkop-ita-35-2x200\/\"]}]},{\"@type\":\"ImageObject\",\"inLanguage\":\"fr-FR\",\"@id\":\"https:\/\/www.thermobile.com\/product\/luchtverdeelkop-ita-35-2x200\/#primaryimage\",\"url\":\"https:\/\/www.thermobile.com\/wp-content\/uploads\/2023\/09\/41300125-Luchtverdeelkop-ITA-35-2x200-1.jpg\",\"contentUrl\":\"https:\/\/www.thermobile.com\/wp-content\/uploads\/2023\/09\/41300125-Luchtverdeelkop-ITA-35-2x200-1.jpg\",\"width\":1920,\"height\":1393},{\"@type\":\"BreadcrumbList\",\"@id\":\"https:\/\/www.thermobile.com\/product\/luchtverdeelkop-ita-35-2x200\/#breadcrumb\",\"itemListElement\":[{\"@type\":\"ListItem\",\"position\":1,\"name\":\"Home\",\"item\":\"https:\/\/www.thermobile.com\/fr\/\"},{\"@type\":\"ListItem\",\"position\":2,\"name\":\"Boutique\",\"item\":\"https:\/\/www.thermobile.com\/fr\/boutique\/\"},{\"@type\":\"ListItem\",\"position\":3,\"name\":\"T\u00eate de distribution &#8211; ITA-35, 2x\u00d8200\"}]},{\"@type\":\"WebSite\",\"@id\":\"https:\/\/www.thermobile.com\/#website\",\"url\":\"https:\/\/www.thermobile.com\/\",\"name\":\"Thermobile\",\"description\":\"\",\"potentialAction\":[{\"@type\":\"SearchAction\",\"target\":{\"@type\":\"EntryPoint\",\"urlTemplate\":\"https:\/\/www.thermobile.com\/?s={search_term_string}\"},\"query-input\":{\"@type\":\"PropertyValueSpecification\",\"valueRequired\":true,\"valueName\":\"search_term_string\"}}],\"inLanguage\":\"fr-FR\"}]}<\/script>\n<!-- \/ Yoast SEO plugin. -->","yoast_head_json":{"title":"T\u00eate de distribution - ITA-35, 2x\u00d8200 - Thermobile","robots":{"index":"index","follow":"follow","max-snippet":"max-snippet:-1","max-image-preview":"max-image-preview:large","max-video-preview":"max-video-preview:-1"},"canonical":"https:\/\/www.thermobile.com\/product\/luchtverdeelkop-ita-35-2x200\/","og_locale":"fr_FR","og_type":"article","og_title":"T\u00eate de distribution - ITA-35, 2x\u00d8200 - Thermobile","og_description":"T\u00eate de distribution &#8211; ITA-35, 2x\u00d8200","og_url":"https:\/\/www.thermobile.com\/product\/luchtverdeelkop-ita-35-2x200\/","og_site_name":"Thermobile","article_modified_time":"2025-11-10T08:06:55+00:00","og_image":[{"width":1920,"height":1393,"url":"https:\/\/www.thermobile.com\/wp-content\/uploads\/2023\/09\/41300125-Luchtverdeelkop-ITA-35-2x200-1.jpg","type":"image\/jpeg"}],"twitter_card":"summary_large_image","schema":{"@context":"https:\/\/schema.org","@graph":[{"@type":"WebPage","@id":"https:\/\/www.thermobile.com\/product\/luchtverdeelkop-ita-35-2x200\/","url":"https:\/\/www.thermobile.com\/product\/luchtverdeelkop-ita-35-2x200\/","name":"T\u00eate de distribution - ITA-35, 2x\u00d8200 - Thermobile","isPartOf":{"@id":"https:\/\/www.thermobile.com\/#website"},"primaryImageOfPage":{"@id":"https:\/\/www.thermobile.com\/product\/luchtverdeelkop-ita-35-2x200\/#primaryimage"},"image":{"@id":"https:\/\/www.thermobile.com\/product\/luchtverdeelkop-ita-35-2x200\/#primaryimage"},"thumbnailUrl":"https:\/\/www.thermobile.com\/wp-content\/uploads\/2023\/09\/41300125-Luchtverdeelkop-ITA-35-2x200-1.jpg","datePublished":"2023-09-19T12:58:39+00:00","dateModified":"2025-11-10T08:06:55+00:00","breadcrumb":{"@id":"https:\/\/www.thermobile.com\/product\/luchtverdeelkop-ita-35-2x200\/#breadcrumb"},"inLanguage":"fr-FR","potentialAction":[{"@type":"ReadAction","target":["https:\/\/www.thermobile.com\/product\/luchtverdeelkop-ita-35-2x200\/"]}]},{"@type":"ImageObject","inLanguage":"fr-FR","@id":"https:\/\/www.thermobile.com\/product\/luchtverdeelkop-ita-35-2x200\/#primaryimage","url":"https:\/\/www.thermobile.com\/wp-content\/uploads\/2023\/09\/41300125-Luchtverdeelkop-ITA-35-2x200-1.jpg","contentUrl":"https:\/\/www.thermobile.com\/wp-content\/uploads\/2023\/09\/41300125-Luchtverdeelkop-ITA-35-2x200-1.jpg","width":1920,"height":1393},{"@type":"BreadcrumbList","@id":"https:\/\/www.thermobile.com\/product\/luchtverdeelkop-ita-35-2x200\/#breadcrumb","itemListElement":[{"@type":"ListItem","position":1,"name":"Home","item":"https:\/\/www.thermobile.com\/fr\/"},{"@type":"ListItem","position":2,"name":"Boutique","item":"https:\/\/www.thermobile.com\/fr\/boutique\/"},{"@type":"ListItem","position":3,"name":"T\u00eate de distribution &#8211; ITA-35, 2x\u00d8200"}]},{"@type":"WebSite","@id":"https:\/\/www.thermobile.com\/#website","url":"https:\/\/www.thermobile.com\/","name":"Thermobile","description":"","potentialAction":[{"@type":"SearchAction","target":{"@type":"EntryPoint","urlTemplate":"https:\/\/www.thermobile.com\/?s={search_term_string}"},"query-input":{"@type":"PropertyValueSpecification","valueRequired":true,"valueName":"search_term_string"}}],"inLanguage":"fr-FR"}]}},"_links":{"self":[{"href":"https:\/\/www.thermobile.com\/fr\/wp-json\/wp\/v2\/product\/9052","targetHints":{"allow":["GET"]}}],"collection":[{"href":"https:\/\/www.thermobile.com\/fr\/wp-json\/wp\/v2\/product"}],"about":[{"href":"https:\/\/www.thermobile.com\/fr\/wp-json\/wp\/v2\/types\/product"}],"replies":[{"embeddable":true,"href":"https:\/\/www.thermobile.com\/fr\/wp-json\/wp\/v2\/comments?post=9052"}],"wp:featuredmedia":[{"embeddable":true,"href":"https:\/\/www.thermobile.com\/fr\/wp-json\/wp\/v2\/media\/6717"}],"wp:attachment":[{"href":"https:\/\/www.thermobile.com\/fr\/wp-json\/wp\/v2\/media?parent=9052"}],"wp:term":[{"taxonomy":"room","embeddable":true,"href":"https:\/\/www.thermobile.com\/fr\/wp-json\/wp\/v2\/room?post=9052"},{"taxonomy":"sector","embeddable":true,"href":"https:\/\/www.thermobile.com\/fr\/wp-json\/wp\/v2\/sector?post=9052"},{"taxonomy":"fuel-type","embeddable":true,"href":"https:\/\/www.thermobile.com\/fr\/wp-json\/wp\/v2\/fuel-type?post=9052"},{"taxonomy":"product_brand","embeddable":true,"href":"https:\/\/www.thermobile.com\/fr\/wp-json\/wp\/v2\/product_brand?post=9052"},{"taxonomy":"product_cat","embeddable":true,"href":"https:\/\/www.thermobile.com\/fr\/wp-json\/wp\/v2\/product_cat?post=9052"},{"taxonomy":"product_tag","embeddable":true,"href":"https:\/\/www.thermobile.com\/fr\/wp-json\/wp\/v2\/product_tag?post=9052"}],"curies":[{"name":"wp","href":"https:\/\/api.w.org\/{rel}","templated":true}]}}