{"id":9004,"date":"2024-06-20T11:36:04","date_gmt":"2024-06-20T11:36:04","guid":{"rendered":"https:\/\/thermobile.falkor.alcor.cloud\/product\/collier-serrage-o140-160-reglable-galvanise\/"},"modified":"2025-11-10T08:06:25","modified_gmt":"2025-11-10T08:06:25","slug":"collier-serrage-o140-160-reglable-galvanise","status":"publish","type":"product","link":"https:\/\/www.thermobile.com\/fr\/product\/collier-serrage-o140-160-reglable-galvanise\/","title":{"rendered":"Collier serrage &#8211; \u00d8140-160, R\u00e9glable, Galvanis\u00e9"},"content":{"rendered":"<p>Collier serrage &#8211; \u00d8140-160, R\u00e9glable, Galvanis\u00e9<\/p>\n","protected":false},"excerpt":{"rendered":"<p>Collier serrage &#8211; \u00d8140-160, R\u00e9glable, Galvanis\u00e9<\/p>\n","protected":false},"featured_media":7269,"comment_status":"open","ping_status":"open","template":"","meta":{"_acf_changed":false},"room":[],"sector":[],"fuel-type":[678],"product_brand":[],"product_cat":[749,485],"product_tag":[265],"class_list":{"0":"post-9004","1":"product","2":"type-product","3":"status-publish","4":"has-post-thumbnail","6":"fuel-type-gaines-dair","7":"product_cat-accessoires-fr","8":"product_cat-accessoires-pour-gaines-dair","9":"product_tag-accessoire-fr","11":"first","12":"instock","13":"shipping-taxable","14":"purchasable","15":"product-type-simple"},"acf":[],"yoast_head":"<!-- This site is optimized with the Yoast SEO plugin v25.9 - https:\/\/yoast.com\/wordpress\/plugins\/seo\/ -->\n<title>Collier serrage - \u00d8140-160, R\u00e9glable, Galvanis\u00e9 - Thermobile<\/title>\n<meta name=\"robots\" content=\"index, follow, max-snippet:-1, max-image-preview:large, max-video-preview:-1\" \/>\n<link rel=\"canonical\" href=\"https:\/\/www.thermobile.com\/product\/slangklem-o140-160mm-verstelbaar-verzinkt\/\" \/>\n<meta property=\"og:locale\" content=\"fr_FR\" \/>\n<meta property=\"og:type\" content=\"article\" \/>\n<meta property=\"og:title\" content=\"Collier serrage - \u00d8140-160, R\u00e9glable, Galvanis\u00e9 - Thermobile\" \/>\n<meta property=\"og:description\" content=\"Collier serrage &#8211; \u00d8140-160, R\u00e9glable, Galvanis\u00e9\" \/>\n<meta property=\"og:url\" content=\"https:\/\/www.thermobile.com\/product\/slangklem-o140-160mm-verstelbaar-verzinkt\/\" \/>\n<meta property=\"og:site_name\" content=\"Thermobile\" \/>\n<meta property=\"article:modified_time\" content=\"2025-11-10T08:06:25+00:00\" \/>\n<meta property=\"og:image\" content=\"https:\/\/www.thermobile.com\/wp-content\/uploads\/2024\/06\/40502251-Slangklem-140-160mm-Verstelbaar-Verzinkt.jpg\" \/>\n\t<meta property=\"og:image:width\" content=\"1920\" \/>\n\t<meta property=\"og:image:height\" content=\"1393\" \/>\n\t<meta property=\"og:image:type\" content=\"image\/jpeg\" \/>\n<meta name=\"twitter:card\" content=\"summary_large_image\" \/>\n<script type=\"application\/ld+json\" class=\"yoast-schema-graph\">{\"@context\":\"https:\/\/schema.org\",\"@graph\":[{\"@type\":\"WebPage\",\"@id\":\"https:\/\/www.thermobile.com\/product\/slangklem-o140-160mm-verstelbaar-verzinkt\/\",\"url\":\"https:\/\/www.thermobile.com\/product\/slangklem-o140-160mm-verstelbaar-verzinkt\/\",\"name\":\"Collier serrage - \u00d8140-160, R\u00e9glable, Galvanis\u00e9 - Thermobile\",\"isPartOf\":{\"@id\":\"https:\/\/www.thermobile.com\/#website\"},\"primaryImageOfPage\":{\"@id\":\"https:\/\/www.thermobile.com\/product\/slangklem-o140-160mm-verstelbaar-verzinkt\/#primaryimage\"},\"image\":{\"@id\":\"https:\/\/www.thermobile.com\/product\/slangklem-o140-160mm-verstelbaar-verzinkt\/#primaryimage\"},\"thumbnailUrl\":\"https:\/\/www.thermobile.com\/wp-content\/uploads\/2024\/06\/40502251-Slangklem-140-160mm-Verstelbaar-Verzinkt.jpg\",\"datePublished\":\"2024-06-20T11:36:04+00:00\",\"dateModified\":\"2025-11-10T08:06:25+00:00\",\"breadcrumb\":{\"@id\":\"https:\/\/www.thermobile.com\/product\/slangklem-o140-160mm-verstelbaar-verzinkt\/#breadcrumb\"},\"inLanguage\":\"fr-FR\",\"potentialAction\":[{\"@type\":\"ReadAction\",\"target\":[\"https:\/\/www.thermobile.com\/product\/slangklem-o140-160mm-verstelbaar-verzinkt\/\"]}]},{\"@type\":\"ImageObject\",\"inLanguage\":\"fr-FR\",\"@id\":\"https:\/\/www.thermobile.com\/product\/slangklem-o140-160mm-verstelbaar-verzinkt\/#primaryimage\",\"url\":\"https:\/\/www.thermobile.com\/wp-content\/uploads\/2024\/06\/40502251-Slangklem-140-160mm-Verstelbaar-Verzinkt.jpg\",\"contentUrl\":\"https:\/\/www.thermobile.com\/wp-content\/uploads\/2024\/06\/40502251-Slangklem-140-160mm-Verstelbaar-Verzinkt.jpg\",\"width\":1920,\"height\":1393},{\"@type\":\"BreadcrumbList\",\"@id\":\"https:\/\/www.thermobile.com\/product\/slangklem-o140-160mm-verstelbaar-verzinkt\/#breadcrumb\",\"itemListElement\":[{\"@type\":\"ListItem\",\"position\":1,\"name\":\"Home\",\"item\":\"https:\/\/www.thermobile.com\/fr\/\"},{\"@type\":\"ListItem\",\"position\":2,\"name\":\"Boutique\",\"item\":\"https:\/\/www.thermobile.com\/fr\/boutique\/\"},{\"@type\":\"ListItem\",\"position\":3,\"name\":\"Collier serrage &#8211; \u00d8140-160, R\u00e9glable, Galvanis\u00e9\"}]},{\"@type\":\"WebSite\",\"@id\":\"https:\/\/www.thermobile.com\/#website\",\"url\":\"https:\/\/www.thermobile.com\/\",\"name\":\"Thermobile\",\"description\":\"\",\"potentialAction\":[{\"@type\":\"SearchAction\",\"target\":{\"@type\":\"EntryPoint\",\"urlTemplate\":\"https:\/\/www.thermobile.com\/?s={search_term_string}\"},\"query-input\":{\"@type\":\"PropertyValueSpecification\",\"valueRequired\":true,\"valueName\":\"search_term_string\"}}],\"inLanguage\":\"fr-FR\"}]}<\/script>\n<!-- \/ Yoast SEO plugin. -->","yoast_head_json":{"title":"Collier serrage - \u00d8140-160, R\u00e9glable, Galvanis\u00e9 - Thermobile","robots":{"index":"index","follow":"follow","max-snippet":"max-snippet:-1","max-image-preview":"max-image-preview:large","max-video-preview":"max-video-preview:-1"},"canonical":"https:\/\/www.thermobile.com\/product\/slangklem-o140-160mm-verstelbaar-verzinkt\/","og_locale":"fr_FR","og_type":"article","og_title":"Collier serrage - \u00d8140-160, R\u00e9glable, Galvanis\u00e9 - Thermobile","og_description":"Collier serrage &#8211; \u00d8140-160, R\u00e9glable, Galvanis\u00e9","og_url":"https:\/\/www.thermobile.com\/product\/slangklem-o140-160mm-verstelbaar-verzinkt\/","og_site_name":"Thermobile","article_modified_time":"2025-11-10T08:06:25+00:00","og_image":[{"width":1920,"height":1393,"url":"https:\/\/www.thermobile.com\/wp-content\/uploads\/2024\/06\/40502251-Slangklem-140-160mm-Verstelbaar-Verzinkt.jpg","type":"image\/jpeg"}],"twitter_card":"summary_large_image","schema":{"@context":"https:\/\/schema.org","@graph":[{"@type":"WebPage","@id":"https:\/\/www.thermobile.com\/product\/slangklem-o140-160mm-verstelbaar-verzinkt\/","url":"https:\/\/www.thermobile.com\/product\/slangklem-o140-160mm-verstelbaar-verzinkt\/","name":"Collier serrage - \u00d8140-160, R\u00e9glable, Galvanis\u00e9 - Thermobile","isPartOf":{"@id":"https:\/\/www.thermobile.com\/#website"},"primaryImageOfPage":{"@id":"https:\/\/www.thermobile.com\/product\/slangklem-o140-160mm-verstelbaar-verzinkt\/#primaryimage"},"image":{"@id":"https:\/\/www.thermobile.com\/product\/slangklem-o140-160mm-verstelbaar-verzinkt\/#primaryimage"},"thumbnailUrl":"https:\/\/www.thermobile.com\/wp-content\/uploads\/2024\/06\/40502251-Slangklem-140-160mm-Verstelbaar-Verzinkt.jpg","datePublished":"2024-06-20T11:36:04+00:00","dateModified":"2025-11-10T08:06:25+00:00","breadcrumb":{"@id":"https:\/\/www.thermobile.com\/product\/slangklem-o140-160mm-verstelbaar-verzinkt\/#breadcrumb"},"inLanguage":"fr-FR","potentialAction":[{"@type":"ReadAction","target":["https:\/\/www.thermobile.com\/product\/slangklem-o140-160mm-verstelbaar-verzinkt\/"]}]},{"@type":"ImageObject","inLanguage":"fr-FR","@id":"https:\/\/www.thermobile.com\/product\/slangklem-o140-160mm-verstelbaar-verzinkt\/#primaryimage","url":"https:\/\/www.thermobile.com\/wp-content\/uploads\/2024\/06\/40502251-Slangklem-140-160mm-Verstelbaar-Verzinkt.jpg","contentUrl":"https:\/\/www.thermobile.com\/wp-content\/uploads\/2024\/06\/40502251-Slangklem-140-160mm-Verstelbaar-Verzinkt.jpg","width":1920,"height":1393},{"@type":"BreadcrumbList","@id":"https:\/\/www.thermobile.com\/product\/slangklem-o140-160mm-verstelbaar-verzinkt\/#breadcrumb","itemListElement":[{"@type":"ListItem","position":1,"name":"Home","item":"https:\/\/www.thermobile.com\/fr\/"},{"@type":"ListItem","position":2,"name":"Boutique","item":"https:\/\/www.thermobile.com\/fr\/boutique\/"},{"@type":"ListItem","position":3,"name":"Collier serrage &#8211; \u00d8140-160, R\u00e9glable, Galvanis\u00e9"}]},{"@type":"WebSite","@id":"https:\/\/www.thermobile.com\/#website","url":"https:\/\/www.thermobile.com\/","name":"Thermobile","description":"","potentialAction":[{"@type":"SearchAction","target":{"@type":"EntryPoint","urlTemplate":"https:\/\/www.thermobile.com\/?s={search_term_string}"},"query-input":{"@type":"PropertyValueSpecification","valueRequired":true,"valueName":"search_term_string"}}],"inLanguage":"fr-FR"}]}},"_links":{"self":[{"href":"https:\/\/www.thermobile.com\/fr\/wp-json\/wp\/v2\/product\/9004","targetHints":{"allow":["GET"]}}],"collection":[{"href":"https:\/\/www.thermobile.com\/fr\/wp-json\/wp\/v2\/product"}],"about":[{"href":"https:\/\/www.thermobile.com\/fr\/wp-json\/wp\/v2\/types\/product"}],"replies":[{"embeddable":true,"href":"https:\/\/www.thermobile.com\/fr\/wp-json\/wp\/v2\/comments?post=9004"}],"wp:featuredmedia":[{"embeddable":true,"href":"https:\/\/www.thermobile.com\/fr\/wp-json\/wp\/v2\/media\/7269"}],"wp:attachment":[{"href":"https:\/\/www.thermobile.com\/fr\/wp-json\/wp\/v2\/media?parent=9004"}],"wp:term":[{"taxonomy":"room","embeddable":true,"href":"https:\/\/www.thermobile.com\/fr\/wp-json\/wp\/v2\/room?post=9004"},{"taxonomy":"sector","embeddable":true,"href":"https:\/\/www.thermobile.com\/fr\/wp-json\/wp\/v2\/sector?post=9004"},{"taxonomy":"fuel-type","embeddable":true,"href":"https:\/\/www.thermobile.com\/fr\/wp-json\/wp\/v2\/fuel-type?post=9004"},{"taxonomy":"product_brand","embeddable":true,"href":"https:\/\/www.thermobile.com\/fr\/wp-json\/wp\/v2\/product_brand?post=9004"},{"taxonomy":"product_cat","embeddable":true,"href":"https:\/\/www.thermobile.com\/fr\/wp-json\/wp\/v2\/product_cat?post=9004"},{"taxonomy":"product_tag","embeddable":true,"href":"https:\/\/www.thermobile.com\/fr\/wp-json\/wp\/v2\/product_tag?post=9004"}],"curies":[{"name":"wp","href":"https:\/\/api.w.org\/{rel}","templated":true}]}}