{"id":10244,"date":"2025-08-08T06:49:06","date_gmt":"2025-08-08T06:49:06","guid":{"rendered":"https:\/\/www.thermobile.com\/?post_type=product&#038;p=10244"},"modified":"2025-11-10T08:12:17","modified_gmt":"2025-11-10T08:12:17","slug":"mbt-350-kopie-2","status":"publish","type":"product","link":"https:\/\/www.thermobile.com\/fr\/product\/mbt-350-kopie-2\/","title":{"rendered":"MBSC-350"},"content":{"rendered":"","protected":false},"excerpt":{"rendered":"","protected":false},"featured_media":10232,"comment_status":"open","ping_status":"open","template":"","meta":{"_acf_changed":false},"room":[208,207],"sector":[242,210,241,211,244],"fuel-type":[671],"product_brand":[],"product_cat":[1439,748],"product_tag":[],"class_list":{"0":"post-10244","1":"product","2":"type-product","3":"status-publish","4":"has-post-thumbnail","6":"room-chantier","7":"room-halle-d-entreprise","8":"sector-chauffage-durgence","9":"sector-construction","10":"sector-evenements","11":"sector-industrie-fr","12":"sector-location","13":"fuel-type-chaudieres","14":"product_cat-mbsc-fr","15":"product_cat-chauffage-mobile","17":"first","18":"onbackorder","19":"shipping-taxable","20":"purchasable","21":"product-type-simple"},"acf":[],"yoast_head":"<!-- This site is optimized with the Yoast SEO plugin v25.9 - https:\/\/yoast.com\/wordpress\/plugins\/seo\/ -->\n<title>Chaudi\u00e8re mobile MBSC-350 | Chauffage temporaire puissant et efficace<\/title>\n<meta name=\"description\" content=\"D\u00e9couvrez la MBSC-350 de Thermobile : chaudi\u00e8re mobile fioul 350\u202fkW avec pompe int\u00e9gr\u00e9e, compatible HVO et GTL. Parfaite pour le chauffage temporaire en industrie ou sur chantier.\" \/>\n<meta name=\"robots\" content=\"index, follow, max-snippet:-1, max-image-preview:large, max-video-preview:-1\" \/>\n<link rel=\"canonical\" href=\"https:\/\/www.thermobile.com\/product\/mbsc-350\/\" \/>\n<meta property=\"og:locale\" content=\"fr_FR\" \/>\n<meta property=\"og:type\" content=\"article\" \/>\n<meta property=\"og:title\" content=\"Chaudi\u00e8re mobile MBSC-350 | Chauffage temporaire puissant et efficace\" \/>\n<meta property=\"og:description\" content=\"D\u00e9couvrez la MBSC-350 de Thermobile : chaudi\u00e8re mobile fioul 350\u202fkW avec pompe int\u00e9gr\u00e9e, compatible HVO et GTL. Parfaite pour le chauffage temporaire en industrie ou sur chantier.\" \/>\n<meta property=\"og:url\" content=\"https:\/\/www.thermobile.com\/product\/mbsc-350\/\" \/>\n<meta property=\"og:site_name\" content=\"Thermobile\" \/>\n<meta property=\"article:modified_time\" content=\"2025-11-10T08:12:17+00:00\" \/>\n<meta property=\"og:image\" content=\"https:\/\/www.thermobile.com\/wp-content\/uploads\/2025\/08\/30351000-MBSC-350-02.jpg\" \/>\n\t<meta property=\"og:image:width\" content=\"1920\" \/>\n\t<meta property=\"og:image:height\" content=\"1393\" \/>\n\t<meta property=\"og:image:type\" content=\"image\/jpeg\" \/>\n<meta name=\"twitter:card\" content=\"summary_large_image\" \/>\n<script type=\"application\/ld+json\" class=\"yoast-schema-graph\">{\"@context\":\"https:\/\/schema.org\",\"@graph\":[{\"@type\":\"WebPage\",\"@id\":\"https:\/\/www.thermobile.com\/product\/mbsc-350\/\",\"url\":\"https:\/\/www.thermobile.com\/product\/mbsc-350\/\",\"name\":\"Chaudi\u00e8re mobile MBSC-350 | Chauffage temporaire puissant et efficace\",\"isPartOf\":{\"@id\":\"https:\/\/www.thermobile.com\/#website\"},\"primaryImageOfPage\":{\"@id\":\"https:\/\/www.thermobile.com\/product\/mbsc-350\/#primaryimage\"},\"image\":{\"@id\":\"https:\/\/www.thermobile.com\/product\/mbsc-350\/#primaryimage\"},\"thumbnailUrl\":\"https:\/\/www.thermobile.com\/wp-content\/uploads\/2025\/08\/30351000-MBSC-350-02.jpg\",\"datePublished\":\"2025-08-08T06:49:06+00:00\",\"dateModified\":\"2025-11-10T08:12:17+00:00\",\"description\":\"D\u00e9couvrez la MBSC-350 de Thermobile : chaudi\u00e8re mobile fioul 350\u202fkW avec pompe int\u00e9gr\u00e9e, compatible HVO et GTL. Parfaite pour le chauffage temporaire en industrie ou sur chantier.\",\"breadcrumb\":{\"@id\":\"https:\/\/www.thermobile.com\/product\/mbsc-350\/#breadcrumb\"},\"inLanguage\":\"fr-FR\",\"potentialAction\":[{\"@type\":\"ReadAction\",\"target\":[\"https:\/\/www.thermobile.com\/product\/mbsc-350\/\"]}]},{\"@type\":\"ImageObject\",\"inLanguage\":\"fr-FR\",\"@id\":\"https:\/\/www.thermobile.com\/product\/mbsc-350\/#primaryimage\",\"url\":\"https:\/\/www.thermobile.com\/wp-content\/uploads\/2025\/08\/30351000-MBSC-350-02.jpg\",\"contentUrl\":\"https:\/\/www.thermobile.com\/wp-content\/uploads\/2025\/08\/30351000-MBSC-350-02.jpg\",\"width\":1920,\"height\":1393},{\"@type\":\"BreadcrumbList\",\"@id\":\"https:\/\/www.thermobile.com\/product\/mbsc-350\/#breadcrumb\",\"itemListElement\":[{\"@type\":\"ListItem\",\"position\":1,\"name\":\"Home\",\"item\":\"https:\/\/www.thermobile.com\/fr\/\"},{\"@type\":\"ListItem\",\"position\":2,\"name\":\"Boutique\",\"item\":\"https:\/\/www.thermobile.com\/fr\/boutique\/\"},{\"@type\":\"ListItem\",\"position\":3,\"name\":\"MBSC-350\"}]},{\"@type\":\"WebSite\",\"@id\":\"https:\/\/www.thermobile.com\/#website\",\"url\":\"https:\/\/www.thermobile.com\/\",\"name\":\"Thermobile\",\"description\":\"\",\"potentialAction\":[{\"@type\":\"SearchAction\",\"target\":{\"@type\":\"EntryPoint\",\"urlTemplate\":\"https:\/\/www.thermobile.com\/?s={search_term_string}\"},\"query-input\":{\"@type\":\"PropertyValueSpecification\",\"valueRequired\":true,\"valueName\":\"search_term_string\"}}],\"inLanguage\":\"fr-FR\"}]}<\/script>\n<!-- \/ Yoast SEO plugin. -->","yoast_head_json":{"title":"Chaudi\u00e8re mobile MBSC-350 | Chauffage temporaire puissant et efficace","description":"D\u00e9couvrez la MBSC-350 de Thermobile : chaudi\u00e8re mobile fioul 350\u202fkW avec pompe int\u00e9gr\u00e9e, compatible HVO et GTL. Parfaite pour le chauffage temporaire en industrie ou sur chantier.","robots":{"index":"index","follow":"follow","max-snippet":"max-snippet:-1","max-image-preview":"max-image-preview:large","max-video-preview":"max-video-preview:-1"},"canonical":"https:\/\/www.thermobile.com\/product\/mbsc-350\/","og_locale":"fr_FR","og_type":"article","og_title":"Chaudi\u00e8re mobile MBSC-350 | Chauffage temporaire puissant et efficace","og_description":"D\u00e9couvrez la MBSC-350 de Thermobile : chaudi\u00e8re mobile fioul 350\u202fkW avec pompe int\u00e9gr\u00e9e, compatible HVO et GTL. Parfaite pour le chauffage temporaire en industrie ou sur chantier.","og_url":"https:\/\/www.thermobile.com\/product\/mbsc-350\/","og_site_name":"Thermobile","article_modified_time":"2025-11-10T08:12:17+00:00","og_image":[{"width":1920,"height":1393,"url":"https:\/\/www.thermobile.com\/wp-content\/uploads\/2025\/08\/30351000-MBSC-350-02.jpg","type":"image\/jpeg"}],"twitter_card":"summary_large_image","schema":{"@context":"https:\/\/schema.org","@graph":[{"@type":"WebPage","@id":"https:\/\/www.thermobile.com\/product\/mbsc-350\/","url":"https:\/\/www.thermobile.com\/product\/mbsc-350\/","name":"Chaudi\u00e8re mobile MBSC-350 | Chauffage temporaire puissant et efficace","isPartOf":{"@id":"https:\/\/www.thermobile.com\/#website"},"primaryImageOfPage":{"@id":"https:\/\/www.thermobile.com\/product\/mbsc-350\/#primaryimage"},"image":{"@id":"https:\/\/www.thermobile.com\/product\/mbsc-350\/#primaryimage"},"thumbnailUrl":"https:\/\/www.thermobile.com\/wp-content\/uploads\/2025\/08\/30351000-MBSC-350-02.jpg","datePublished":"2025-08-08T06:49:06+00:00","dateModified":"2025-11-10T08:12:17+00:00","description":"D\u00e9couvrez la MBSC-350 de Thermobile : chaudi\u00e8re mobile fioul 350\u202fkW avec pompe int\u00e9gr\u00e9e, compatible HVO et GTL. Parfaite pour le chauffage temporaire en industrie ou sur chantier.","breadcrumb":{"@id":"https:\/\/www.thermobile.com\/product\/mbsc-350\/#breadcrumb"},"inLanguage":"fr-FR","potentialAction":[{"@type":"ReadAction","target":["https:\/\/www.thermobile.com\/product\/mbsc-350\/"]}]},{"@type":"ImageObject","inLanguage":"fr-FR","@id":"https:\/\/www.thermobile.com\/product\/mbsc-350\/#primaryimage","url":"https:\/\/www.thermobile.com\/wp-content\/uploads\/2025\/08\/30351000-MBSC-350-02.jpg","contentUrl":"https:\/\/www.thermobile.com\/wp-content\/uploads\/2025\/08\/30351000-MBSC-350-02.jpg","width":1920,"height":1393},{"@type":"BreadcrumbList","@id":"https:\/\/www.thermobile.com\/product\/mbsc-350\/#breadcrumb","itemListElement":[{"@type":"ListItem","position":1,"name":"Home","item":"https:\/\/www.thermobile.com\/fr\/"},{"@type":"ListItem","position":2,"name":"Boutique","item":"https:\/\/www.thermobile.com\/fr\/boutique\/"},{"@type":"ListItem","position":3,"name":"MBSC-350"}]},{"@type":"WebSite","@id":"https:\/\/www.thermobile.com\/#website","url":"https:\/\/www.thermobile.com\/","name":"Thermobile","description":"","potentialAction":[{"@type":"SearchAction","target":{"@type":"EntryPoint","urlTemplate":"https:\/\/www.thermobile.com\/?s={search_term_string}"},"query-input":{"@type":"PropertyValueSpecification","valueRequired":true,"valueName":"search_term_string"}}],"inLanguage":"fr-FR"}]}},"_links":{"self":[{"href":"https:\/\/www.thermobile.com\/fr\/wp-json\/wp\/v2\/product\/10244","targetHints":{"allow":["GET"]}}],"collection":[{"href":"https:\/\/www.thermobile.com\/fr\/wp-json\/wp\/v2\/product"}],"about":[{"href":"https:\/\/www.thermobile.com\/fr\/wp-json\/wp\/v2\/types\/product"}],"replies":[{"embeddable":true,"href":"https:\/\/www.thermobile.com\/fr\/wp-json\/wp\/v2\/comments?post=10244"}],"wp:featuredmedia":[{"embeddable":true,"href":"https:\/\/www.thermobile.com\/fr\/wp-json\/wp\/v2\/media\/10232"}],"wp:attachment":[{"href":"https:\/\/www.thermobile.com\/fr\/wp-json\/wp\/v2\/media?parent=10244"}],"wp:term":[{"taxonomy":"room","embeddable":true,"href":"https:\/\/www.thermobile.com\/fr\/wp-json\/wp\/v2\/room?post=10244"},{"taxonomy":"sector","embeddable":true,"href":"https:\/\/www.thermobile.com\/fr\/wp-json\/wp\/v2\/sector?post=10244"},{"taxonomy":"fuel-type","embeddable":true,"href":"https:\/\/www.thermobile.com\/fr\/wp-json\/wp\/v2\/fuel-type?post=10244"},{"taxonomy":"product_brand","embeddable":true,"href":"https:\/\/www.thermobile.com\/fr\/wp-json\/wp\/v2\/product_brand?post=10244"},{"taxonomy":"product_cat","embeddable":true,"href":"https:\/\/www.thermobile.com\/fr\/wp-json\/wp\/v2\/product_cat?post=10244"},{"taxonomy":"product_tag","embeddable":true,"href":"https:\/\/www.thermobile.com\/fr\/wp-json\/wp\/v2\/product_tag?post=10244"}],"curies":[{"name":"wp","href":"https:\/\/api.w.org\/{rel}","templated":true}]}}