{"id":8648,"date":"2023-06-08T19:49:43","date_gmt":"2023-06-08T19:49:43","guid":{"rendered":"https:\/\/thermobile.falkor.alcor.cloud\/client-projects\/"},"modified":"2024-09-25T15:46:13","modified_gmt":"2024-09-25T15:46:13","slug":"projets-des-clients","status":"publish","type":"page","link":"https:\/\/www.thermobile.com\/fr\/projets-des-clients\/","title":{"rendered":"Projets des clients"},"content":{"rendered":"<p>Chez Thermobile, nous sommes fiers de travailler avec diff\u00e9rents clients pour r\u00e9aliser des solutions de chauffage uniques. Sur cette page, vous trouverez un aper\u00e7u de quelques-uns des projets que nous avons men\u00e9s \u00e0 bien et qui \u00e9taient ax\u00e9s sur nos syst\u00e8mes de chauffage mobiles. Qu&rsquo;il s&rsquo;agisse d&rsquo;abris d&rsquo;urgence temporaires ou de solutions de chauffage \u00e0 long terme, chaque projet refl\u00e8te notre engagement en faveur de la qualit\u00e9, de l&rsquo;efficacit\u00e9 et de la satisfaction du client.<\/p>\n","protected":false},"excerpt":{"rendered":"<p>Chez Thermobile, nous sommes fiers de travailler avec diff\u00e9rents clients pour r\u00e9aliser des solutions de chauffage uniques. Sur cette page, vous trouverez un aper\u00e7u de quelques-uns des projets que nous avons men\u00e9s \u00e0 bien et qui \u00e9taient ax\u00e9s sur nos syst\u00e8mes de chauffage mobiles. Qu&rsquo;il s&rsquo;agisse d&rsquo;abris d&rsquo;urgence temporaires ou de solutions de chauffage \u00e0 [&hellip;]<\/p>\n","protected":false},"author":779,"featured_media":0,"parent":0,"menu_order":0,"comment_status":"closed","ping_status":"closed","template":"template-client-cases.php","meta":{"_acf_changed":false,"footnotes":""},"folder":[],"class_list":["post-8648","page","type-page","status-publish","hentry"],"acf":[],"yoast_head":"<!-- This site is optimized with the Yoast SEO plugin v25.9 - https:\/\/yoast.com\/wordpress\/plugins\/seo\/ -->\n<title>Projets des clients - Thermobile<\/title>\n<meta name=\"description\" content=\"D\u00e9couvrez les projets clients r\u00e9ussis de Thermobile. Voyez comment nos solutions de chauffage innovantes ont \u00e9t\u00e9 appliqu\u00e9es dans diff\u00e9rents secteurs.\" \/>\n<meta name=\"robots\" content=\"index, follow, max-snippet:-1, max-image-preview:large, max-video-preview:-1\" \/>\n<link rel=\"canonical\" href=\"https:\/\/www.thermobile.com\/fr\/projets-des-clients\/\" \/>\n<meta property=\"og:locale\" content=\"fr_FR\" \/>\n<meta property=\"og:type\" content=\"article\" \/>\n<meta property=\"og:title\" content=\"Projets des clients - Thermobile\" \/>\n<meta property=\"og:description\" content=\"D\u00e9couvrez les projets clients r\u00e9ussis de Thermobile. Voyez comment nos solutions de chauffage innovantes ont \u00e9t\u00e9 appliqu\u00e9es dans diff\u00e9rents secteurs.\" \/>\n<meta property=\"og:url\" content=\"https:\/\/www.thermobile.com\/fr\/projets-des-clients\/\" \/>\n<meta property=\"og:site_name\" content=\"Thermobile\" \/>\n<meta property=\"article:modified_time\" content=\"2024-09-25T15:46:13+00:00\" \/>\n<meta name=\"twitter:card\" content=\"summary_large_image\" \/>\n<meta name=\"twitter:label1\" content=\"Dur\u00e9e de lecture estim\u00e9e\" \/>\n\t<meta name=\"twitter:data1\" content=\"1 minute\" \/>\n<script type=\"application\/ld+json\" class=\"yoast-schema-graph\">{\"@context\":\"https:\/\/schema.org\",\"@graph\":[{\"@type\":\"WebPage\",\"@id\":\"https:\/\/www.thermobile.com\/fr\/projets-des-clients\/\",\"url\":\"https:\/\/www.thermobile.com\/fr\/projets-des-clients\/\",\"name\":\"Projets des clients - Thermobile\",\"isPartOf\":{\"@id\":\"https:\/\/www.thermobile.com\/#website\"},\"datePublished\":\"2023-06-08T19:49:43+00:00\",\"dateModified\":\"2024-09-25T15:46:13+00:00\",\"description\":\"D\u00e9couvrez les projets clients r\u00e9ussis de Thermobile. Voyez comment nos solutions de chauffage innovantes ont \u00e9t\u00e9 appliqu\u00e9es dans diff\u00e9rents secteurs.\",\"breadcrumb\":{\"@id\":\"https:\/\/www.thermobile.com\/fr\/projets-des-clients\/#breadcrumb\"},\"inLanguage\":\"fr-FR\",\"potentialAction\":[{\"@type\":\"ReadAction\",\"target\":[\"https:\/\/www.thermobile.com\/fr\/projets-des-clients\/\"]}]},{\"@type\":\"BreadcrumbList\",\"@id\":\"https:\/\/www.thermobile.com\/fr\/projets-des-clients\/#breadcrumb\",\"itemListElement\":[{\"@type\":\"ListItem\",\"position\":1,\"name\":\"Home\",\"item\":\"https:\/\/www.thermobile.com\/fr\/\"},{\"@type\":\"ListItem\",\"position\":2,\"name\":\"Projets des clients\"}]},{\"@type\":\"WebSite\",\"@id\":\"https:\/\/www.thermobile.com\/#website\",\"url\":\"https:\/\/www.thermobile.com\/\",\"name\":\"Thermobile\",\"description\":\"\",\"potentialAction\":[{\"@type\":\"SearchAction\",\"target\":{\"@type\":\"EntryPoint\",\"urlTemplate\":\"https:\/\/www.thermobile.com\/?s={search_term_string}\"},\"query-input\":{\"@type\":\"PropertyValueSpecification\",\"valueRequired\":true,\"valueName\":\"search_term_string\"}}],\"inLanguage\":\"fr-FR\"}]}<\/script>\n<!-- \/ Yoast SEO plugin. -->","yoast_head_json":{"title":"Projets des clients - Thermobile","description":"D\u00e9couvrez les projets clients r\u00e9ussis de Thermobile. Voyez comment nos solutions de chauffage innovantes ont \u00e9t\u00e9 appliqu\u00e9es dans diff\u00e9rents secteurs.","robots":{"index":"index","follow":"follow","max-snippet":"max-snippet:-1","max-image-preview":"max-image-preview:large","max-video-preview":"max-video-preview:-1"},"canonical":"https:\/\/www.thermobile.com\/fr\/projets-des-clients\/","og_locale":"fr_FR","og_type":"article","og_title":"Projets des clients - Thermobile","og_description":"D\u00e9couvrez les projets clients r\u00e9ussis de Thermobile. Voyez comment nos solutions de chauffage innovantes ont \u00e9t\u00e9 appliqu\u00e9es dans diff\u00e9rents secteurs.","og_url":"https:\/\/www.thermobile.com\/fr\/projets-des-clients\/","og_site_name":"Thermobile","article_modified_time":"2024-09-25T15:46:13+00:00","twitter_card":"summary_large_image","twitter_misc":{"Dur\u00e9e de lecture estim\u00e9e":"1 minute"},"schema":{"@context":"https:\/\/schema.org","@graph":[{"@type":"WebPage","@id":"https:\/\/www.thermobile.com\/fr\/projets-des-clients\/","url":"https:\/\/www.thermobile.com\/fr\/projets-des-clients\/","name":"Projets des clients - Thermobile","isPartOf":{"@id":"https:\/\/www.thermobile.com\/#website"},"datePublished":"2023-06-08T19:49:43+00:00","dateModified":"2024-09-25T15:46:13+00:00","description":"D\u00e9couvrez les projets clients r\u00e9ussis de Thermobile. Voyez comment nos solutions de chauffage innovantes ont \u00e9t\u00e9 appliqu\u00e9es dans diff\u00e9rents secteurs.","breadcrumb":{"@id":"https:\/\/www.thermobile.com\/fr\/projets-des-clients\/#breadcrumb"},"inLanguage":"fr-FR","potentialAction":[{"@type":"ReadAction","target":["https:\/\/www.thermobile.com\/fr\/projets-des-clients\/"]}]},{"@type":"BreadcrumbList","@id":"https:\/\/www.thermobile.com\/fr\/projets-des-clients\/#breadcrumb","itemListElement":[{"@type":"ListItem","position":1,"name":"Home","item":"https:\/\/www.thermobile.com\/fr\/"},{"@type":"ListItem","position":2,"name":"Projets des clients"}]},{"@type":"WebSite","@id":"https:\/\/www.thermobile.com\/#website","url":"https:\/\/www.thermobile.com\/","name":"Thermobile","description":"","potentialAction":[{"@type":"SearchAction","target":{"@type":"EntryPoint","urlTemplate":"https:\/\/www.thermobile.com\/?s={search_term_string}"},"query-input":{"@type":"PropertyValueSpecification","valueRequired":true,"valueName":"search_term_string"}}],"inLanguage":"fr-FR"}]}},"_links":{"self":[{"href":"https:\/\/www.thermobile.com\/fr\/wp-json\/wp\/v2\/pages\/8648","targetHints":{"allow":["GET"]}}],"collection":[{"href":"https:\/\/www.thermobile.com\/fr\/wp-json\/wp\/v2\/pages"}],"about":[{"href":"https:\/\/www.thermobile.com\/fr\/wp-json\/wp\/v2\/types\/page"}],"author":[{"embeddable":true,"href":"https:\/\/www.thermobile.com\/fr\/wp-json\/wp\/v2\/users\/779"}],"replies":[{"embeddable":true,"href":"https:\/\/www.thermobile.com\/fr\/wp-json\/wp\/v2\/comments?post=8648"}],"version-history":[{"count":1,"href":"https:\/\/www.thermobile.com\/fr\/wp-json\/wp\/v2\/pages\/8648\/revisions"}],"predecessor-version":[{"id":8649,"href":"https:\/\/www.thermobile.com\/fr\/wp-json\/wp\/v2\/pages\/8648\/revisions\/8649"}],"wp:attachment":[{"href":"https:\/\/www.thermobile.com\/fr\/wp-json\/wp\/v2\/media?parent=8648"}],"wp:term":[{"taxonomy":"folder","embeddable":true,"href":"https:\/\/www.thermobile.com\/fr\/wp-json\/wp\/v2\/folder?post=8648"}],"curies":[{"name":"wp","href":"https:\/\/api.w.org\/{rel}","templated":true}]}}