{"id":7865,"date":"2023-07-05T03:12:13","date_gmt":"2023-07-05T03:12:13","guid":{"rendered":"https:\/\/thermobile.falkor.alcor.cloud\/privacybeleid\/"},"modified":"2024-09-04T13:13:31","modified_gmt":"2024-09-04T13:13:31","slug":"politique-de-confidentialite","status":"publish","type":"page","link":"https:\/\/www.thermobile.com\/fr\/politique-de-confidentialite\/","title":{"rendered":"Politique de Confidentialit\u00e9"},"content":{"rendered":"","protected":false},"excerpt":{"rendered":"","protected":false},"author":1,"featured_media":0,"parent":0,"menu_order":0,"comment_status":"closed","ping_status":"closed","template":"","meta":{"_acf_changed":false,"footnotes":""},"folder":[],"class_list":["post-7865","page","type-page","status-publish","hentry"],"acf":[],"yoast_head":"<!-- This site is optimized with the Yoast SEO plugin v25.9 - https:\/\/yoast.com\/wordpress\/plugins\/seo\/ -->\n<title>Politique de Confidentialit\u00e9 - Thermobile<\/title>\n<meta name=\"description\" content=\"Lisez notre politique de confidentialit\u00e9 pour comprendre comment Thermobile collecte, utilise et prot\u00e8ge vos donn\u00e9es personnelles.\" \/>\n<meta name=\"robots\" content=\"index, follow, max-snippet:-1, max-image-preview:large, max-video-preview:-1\" \/>\n<link rel=\"canonical\" href=\"https:\/\/www.thermobile.com\/fr\/politique-de-confidentialite\/\" \/>\n<meta property=\"og:locale\" content=\"fr_FR\" \/>\n<meta property=\"og:type\" content=\"article\" \/>\n<meta property=\"og:title\" content=\"Politique de Confidentialit\u00e9 - Thermobile\" \/>\n<meta property=\"og:description\" content=\"Lisez notre politique de confidentialit\u00e9 pour comprendre comment Thermobile collecte, utilise et prot\u00e8ge vos donn\u00e9es personnelles.\" \/>\n<meta property=\"og:url\" content=\"https:\/\/www.thermobile.com\/fr\/politique-de-confidentialite\/\" \/>\n<meta property=\"og:site_name\" content=\"Thermobile\" \/>\n<meta property=\"article:modified_time\" content=\"2024-09-04T13:13:31+00:00\" \/>\n<meta name=\"twitter:card\" content=\"summary_large_image\" \/>\n<script type=\"application\/ld+json\" class=\"yoast-schema-graph\">{\"@context\":\"https:\/\/schema.org\",\"@graph\":[{\"@type\":\"WebPage\",\"@id\":\"https:\/\/www.thermobile.com\/fr\/politique-de-confidentialite\/\",\"url\":\"https:\/\/www.thermobile.com\/fr\/politique-de-confidentialite\/\",\"name\":\"Politique de Confidentialit\u00e9 - Thermobile\",\"isPartOf\":{\"@id\":\"https:\/\/www.thermobile.com\/#website\"},\"datePublished\":\"2023-07-05T03:12:13+00:00\",\"dateModified\":\"2024-09-04T13:13:31+00:00\",\"description\":\"Lisez notre politique de confidentialit\u00e9 pour comprendre comment Thermobile collecte, utilise et prot\u00e8ge vos donn\u00e9es personnelles.\",\"breadcrumb\":{\"@id\":\"https:\/\/www.thermobile.com\/fr\/politique-de-confidentialite\/#breadcrumb\"},\"inLanguage\":\"fr-FR\",\"potentialAction\":[{\"@type\":\"ReadAction\",\"target\":[\"https:\/\/www.thermobile.com\/fr\/politique-de-confidentialite\/\"]}]},{\"@type\":\"BreadcrumbList\",\"@id\":\"https:\/\/www.thermobile.com\/fr\/politique-de-confidentialite\/#breadcrumb\",\"itemListElement\":[{\"@type\":\"ListItem\",\"position\":1,\"name\":\"Home\",\"item\":\"https:\/\/www.thermobile.com\/fr\/\"},{\"@type\":\"ListItem\",\"position\":2,\"name\":\"Politique de Confidentialit\u00e9\"}]},{\"@type\":\"WebSite\",\"@id\":\"https:\/\/www.thermobile.com\/#website\",\"url\":\"https:\/\/www.thermobile.com\/\",\"name\":\"Thermobile\",\"description\":\"\",\"potentialAction\":[{\"@type\":\"SearchAction\",\"target\":{\"@type\":\"EntryPoint\",\"urlTemplate\":\"https:\/\/www.thermobile.com\/?s={search_term_string}\"},\"query-input\":{\"@type\":\"PropertyValueSpecification\",\"valueRequired\":true,\"valueName\":\"search_term_string\"}}],\"inLanguage\":\"fr-FR\"}]}<\/script>\n<!-- \/ Yoast SEO plugin. -->","yoast_head_json":{"title":"Politique de Confidentialit\u00e9 - Thermobile","description":"Lisez notre politique de confidentialit\u00e9 pour comprendre comment Thermobile collecte, utilise et prot\u00e8ge vos donn\u00e9es personnelles.","robots":{"index":"index","follow":"follow","max-snippet":"max-snippet:-1","max-image-preview":"max-image-preview:large","max-video-preview":"max-video-preview:-1"},"canonical":"https:\/\/www.thermobile.com\/fr\/politique-de-confidentialite\/","og_locale":"fr_FR","og_type":"article","og_title":"Politique de Confidentialit\u00e9 - Thermobile","og_description":"Lisez notre politique de confidentialit\u00e9 pour comprendre comment Thermobile collecte, utilise et prot\u00e8ge vos donn\u00e9es personnelles.","og_url":"https:\/\/www.thermobile.com\/fr\/politique-de-confidentialite\/","og_site_name":"Thermobile","article_modified_time":"2024-09-04T13:13:31+00:00","twitter_card":"summary_large_image","schema":{"@context":"https:\/\/schema.org","@graph":[{"@type":"WebPage","@id":"https:\/\/www.thermobile.com\/fr\/politique-de-confidentialite\/","url":"https:\/\/www.thermobile.com\/fr\/politique-de-confidentialite\/","name":"Politique de Confidentialit\u00e9 - Thermobile","isPartOf":{"@id":"https:\/\/www.thermobile.com\/#website"},"datePublished":"2023-07-05T03:12:13+00:00","dateModified":"2024-09-04T13:13:31+00:00","description":"Lisez notre politique de confidentialit\u00e9 pour comprendre comment Thermobile collecte, utilise et prot\u00e8ge vos donn\u00e9es personnelles.","breadcrumb":{"@id":"https:\/\/www.thermobile.com\/fr\/politique-de-confidentialite\/#breadcrumb"},"inLanguage":"fr-FR","potentialAction":[{"@type":"ReadAction","target":["https:\/\/www.thermobile.com\/fr\/politique-de-confidentialite\/"]}]},{"@type":"BreadcrumbList","@id":"https:\/\/www.thermobile.com\/fr\/politique-de-confidentialite\/#breadcrumb","itemListElement":[{"@type":"ListItem","position":1,"name":"Home","item":"https:\/\/www.thermobile.com\/fr\/"},{"@type":"ListItem","position":2,"name":"Politique de Confidentialit\u00e9"}]},{"@type":"WebSite","@id":"https:\/\/www.thermobile.com\/#website","url":"https:\/\/www.thermobile.com\/","name":"Thermobile","description":"","potentialAction":[{"@type":"SearchAction","target":{"@type":"EntryPoint","urlTemplate":"https:\/\/www.thermobile.com\/?s={search_term_string}"},"query-input":{"@type":"PropertyValueSpecification","valueRequired":true,"valueName":"search_term_string"}}],"inLanguage":"fr-FR"}]}},"_links":{"self":[{"href":"https:\/\/www.thermobile.com\/fr\/wp-json\/wp\/v2\/pages\/7865","targetHints":{"allow":["GET"]}}],"collection":[{"href":"https:\/\/www.thermobile.com\/fr\/wp-json\/wp\/v2\/pages"}],"about":[{"href":"https:\/\/www.thermobile.com\/fr\/wp-json\/wp\/v2\/types\/page"}],"author":[{"embeddable":true,"href":"https:\/\/www.thermobile.com\/fr\/wp-json\/wp\/v2\/users\/1"}],"replies":[{"embeddable":true,"href":"https:\/\/www.thermobile.com\/fr\/wp-json\/wp\/v2\/comments?post=7865"}],"version-history":[{"count":2,"href":"https:\/\/www.thermobile.com\/fr\/wp-json\/wp\/v2\/pages\/7865\/revisions"}],"predecessor-version":[{"id":7869,"href":"https:\/\/www.thermobile.com\/fr\/wp-json\/wp\/v2\/pages\/7865\/revisions\/7869"}],"wp:attachment":[{"href":"https:\/\/www.thermobile.com\/fr\/wp-json\/wp\/v2\/media?parent=7865"}],"wp:term":[{"taxonomy":"folder","embeddable":true,"href":"https:\/\/www.thermobile.com\/fr\/wp-json\/wp\/v2\/folder?post=7865"}],"curies":[{"name":"wp","href":"https:\/\/api.w.org\/{rel}","templated":true}]}}