{"id":10238,"date":"2025-08-08T06:43:49","date_gmt":"2025-08-08T06:43:49","guid":{"rendered":"https:\/\/www.thermobile.com\/?post_type=product&#038;p=10238"},"modified":"2025-11-10T08:12:12","modified_gmt":"2025-11-10T08:12:12","slug":"mbsc-165","status":"publish","type":"product","link":"https:\/\/www.thermobile.com\/de\/product\/mbsc-165\/","title":{"rendered":"MBSC-165"},"content":{"rendered":"","protected":false},"excerpt":{"rendered":"","protected":false},"featured_media":10233,"comment_status":"open","ping_status":"open","template":"","meta":{"_acf_changed":false},"room":[],"sector":[218,219,247,246,249],"fuel-type":[691],"product_brand":[],"product_cat":[1440,751],"product_tag":[],"class_list":{"0":"post-10238","1":"product","2":"type-product","3":"status-publish","4":"has-post-thumbnail","6":"sector-bau","7":"sector-industrie","8":"sector-notbeheizung","9":"sector-veranstaltungen","10":"sector-vermietung","11":"fuel-type-heizkessel","12":"product_cat-mbsc-de","13":"product_cat-mobile-heizung","15":"first","16":"onbackorder","17":"shipping-taxable","18":"purchasable","19":"product-type-simple"},"acf":[],"yoast_head":"<!-- This site is optimized with the Yoast SEO plugin v25.9 - https:\/\/yoast.com\/wordpress\/plugins\/seo\/ -->\n<title>MBSC-165 Mobile Heizzentrale | Leistungsstarke &amp; effiziente W\u00e4rmeversorgung<\/title>\n<meta name=\"description\" content=\"Die MBSC-165 von Thermobile: mobile, \u00f6lbetriebene Heizzentrale mit 350\u202fkW Leistung, integrierter Wasserpumpe und HVO-\/GTL-Kompatibilit\u00e4t. Ideal f\u00fcr tempor\u00e4re W\u00e4rmeversorgung.\" \/>\n<meta name=\"robots\" content=\"index, follow, max-snippet:-1, max-image-preview:large, max-video-preview:-1\" \/>\n<link rel=\"canonical\" href=\"https:\/\/www.thermobile.com\/product\/mbsc-165\/\" \/>\n<meta property=\"og:locale\" content=\"de_DE\" \/>\n<meta property=\"og:type\" content=\"article\" \/>\n<meta property=\"og:title\" content=\"MBSC-165 Mobile Heizzentrale | Leistungsstarke &amp; effiziente W\u00e4rmeversorgung\" \/>\n<meta property=\"og:description\" content=\"Die MBSC-165 von Thermobile: mobile, \u00f6lbetriebene Heizzentrale mit 350\u202fkW Leistung, integrierter Wasserpumpe und HVO-\/GTL-Kompatibilit\u00e4t. Ideal f\u00fcr tempor\u00e4re W\u00e4rmeversorgung.\" \/>\n<meta property=\"og:url\" content=\"https:\/\/www.thermobile.com\/product\/mbsc-165\/\" \/>\n<meta property=\"og:site_name\" content=\"Thermobile\" \/>\n<meta property=\"article:modified_time\" content=\"2025-11-10T08:12:12+00:00\" \/>\n<meta property=\"og:image\" content=\"https:\/\/www.thermobile.com\/wp-content\/uploads\/2025\/08\/30351000-MBSC-350-02.jpg\" \/>\n\t<meta property=\"og:image:width\" content=\"1920\" \/>\n\t<meta property=\"og:image:height\" content=\"1393\" \/>\n\t<meta property=\"og:image:type\" content=\"image\/jpeg\" \/>\n<meta name=\"twitter:card\" content=\"summary_large_image\" \/>\n<script type=\"application\/ld+json\" class=\"yoast-schema-graph\">{\"@context\":\"https:\/\/schema.org\",\"@graph\":[{\"@type\":\"WebPage\",\"@id\":\"https:\/\/www.thermobile.com\/product\/mbsc-165\/\",\"url\":\"https:\/\/www.thermobile.com\/product\/mbsc-165\/\",\"name\":\"MBSC-165 Mobile Heizzentrale | Leistungsstarke & effiziente W\u00e4rmeversorgung\",\"isPartOf\":{\"@id\":\"https:\/\/www.thermobile.com\/#website\"},\"primaryImageOfPage\":{\"@id\":\"https:\/\/www.thermobile.com\/product\/mbsc-165\/#primaryimage\"},\"image\":{\"@id\":\"https:\/\/www.thermobile.com\/product\/mbsc-165\/#primaryimage\"},\"thumbnailUrl\":\"https:\/\/www.thermobile.com\/wp-content\/uploads\/2025\/08\/30351000-MBSC-350-02.jpg\",\"datePublished\":\"2025-08-08T06:43:49+00:00\",\"dateModified\":\"2025-11-10T08:12:12+00:00\",\"description\":\"Die MBSC-165 von Thermobile: mobile, \u00f6lbetriebene Heizzentrale mit 350\u202fkW Leistung, integrierter Wasserpumpe und HVO-\/GTL-Kompatibilit\u00e4t. Ideal f\u00fcr tempor\u00e4re W\u00e4rmeversorgung.\",\"breadcrumb\":{\"@id\":\"https:\/\/www.thermobile.com\/product\/mbsc-165\/#breadcrumb\"},\"inLanguage\":\"de\",\"potentialAction\":[{\"@type\":\"ReadAction\",\"target\":[\"https:\/\/www.thermobile.com\/product\/mbsc-165\/\"]}]},{\"@type\":\"ImageObject\",\"inLanguage\":\"de\",\"@id\":\"https:\/\/www.thermobile.com\/product\/mbsc-165\/#primaryimage\",\"url\":\"https:\/\/www.thermobile.com\/wp-content\/uploads\/2025\/08\/30351000-MBSC-350-02.jpg\",\"contentUrl\":\"https:\/\/www.thermobile.com\/wp-content\/uploads\/2025\/08\/30351000-MBSC-350-02.jpg\",\"width\":1920,\"height\":1393},{\"@type\":\"BreadcrumbList\",\"@id\":\"https:\/\/www.thermobile.com\/product\/mbsc-165\/#breadcrumb\",\"itemListElement\":[{\"@type\":\"ListItem\",\"position\":1,\"name\":\"Home\",\"item\":\"https:\/\/www.thermobile.com\/de\/\"},{\"@type\":\"ListItem\",\"position\":2,\"name\":\"Boutique\",\"item\":\"https:\/\/www.thermobile.com\/de\/boutique\/\"},{\"@type\":\"ListItem\",\"position\":3,\"name\":\"MBSC-165\"}]},{\"@type\":\"WebSite\",\"@id\":\"https:\/\/www.thermobile.com\/#website\",\"url\":\"https:\/\/www.thermobile.com\/\",\"name\":\"Thermobile\",\"description\":\"\",\"potentialAction\":[{\"@type\":\"SearchAction\",\"target\":{\"@type\":\"EntryPoint\",\"urlTemplate\":\"https:\/\/www.thermobile.com\/?s={search_term_string}\"},\"query-input\":{\"@type\":\"PropertyValueSpecification\",\"valueRequired\":true,\"valueName\":\"search_term_string\"}}],\"inLanguage\":\"de\"}]}<\/script>\n<!-- \/ Yoast SEO plugin. -->","yoast_head_json":{"title":"MBSC-165 Mobile Heizzentrale | Leistungsstarke & effiziente W\u00e4rmeversorgung","description":"Die MBSC-165 von Thermobile: mobile, \u00f6lbetriebene Heizzentrale mit 350\u202fkW Leistung, integrierter Wasserpumpe und HVO-\/GTL-Kompatibilit\u00e4t. Ideal f\u00fcr tempor\u00e4re W\u00e4rmeversorgung.","robots":{"index":"index","follow":"follow","max-snippet":"max-snippet:-1","max-image-preview":"max-image-preview:large","max-video-preview":"max-video-preview:-1"},"canonical":"https:\/\/www.thermobile.com\/product\/mbsc-165\/","og_locale":"de_DE","og_type":"article","og_title":"MBSC-165 Mobile Heizzentrale | Leistungsstarke & effiziente W\u00e4rmeversorgung","og_description":"Die MBSC-165 von Thermobile: mobile, \u00f6lbetriebene Heizzentrale mit 350\u202fkW Leistung, integrierter Wasserpumpe und HVO-\/GTL-Kompatibilit\u00e4t. Ideal f\u00fcr tempor\u00e4re W\u00e4rmeversorgung.","og_url":"https:\/\/www.thermobile.com\/product\/mbsc-165\/","og_site_name":"Thermobile","article_modified_time":"2025-11-10T08:12:12+00:00","og_image":[{"width":1920,"height":1393,"url":"https:\/\/www.thermobile.com\/wp-content\/uploads\/2025\/08\/30351000-MBSC-350-02.jpg","type":"image\/jpeg"}],"twitter_card":"summary_large_image","schema":{"@context":"https:\/\/schema.org","@graph":[{"@type":"WebPage","@id":"https:\/\/www.thermobile.com\/product\/mbsc-165\/","url":"https:\/\/www.thermobile.com\/product\/mbsc-165\/","name":"MBSC-165 Mobile Heizzentrale | Leistungsstarke & effiziente W\u00e4rmeversorgung","isPartOf":{"@id":"https:\/\/www.thermobile.com\/#website"},"primaryImageOfPage":{"@id":"https:\/\/www.thermobile.com\/product\/mbsc-165\/#primaryimage"},"image":{"@id":"https:\/\/www.thermobile.com\/product\/mbsc-165\/#primaryimage"},"thumbnailUrl":"https:\/\/www.thermobile.com\/wp-content\/uploads\/2025\/08\/30351000-MBSC-350-02.jpg","datePublished":"2025-08-08T06:43:49+00:00","dateModified":"2025-11-10T08:12:12+00:00","description":"Die MBSC-165 von Thermobile: mobile, \u00f6lbetriebene Heizzentrale mit 350\u202fkW Leistung, integrierter Wasserpumpe und HVO-\/GTL-Kompatibilit\u00e4t. Ideal f\u00fcr tempor\u00e4re W\u00e4rmeversorgung.","breadcrumb":{"@id":"https:\/\/www.thermobile.com\/product\/mbsc-165\/#breadcrumb"},"inLanguage":"de","potentialAction":[{"@type":"ReadAction","target":["https:\/\/www.thermobile.com\/product\/mbsc-165\/"]}]},{"@type":"ImageObject","inLanguage":"de","@id":"https:\/\/www.thermobile.com\/product\/mbsc-165\/#primaryimage","url":"https:\/\/www.thermobile.com\/wp-content\/uploads\/2025\/08\/30351000-MBSC-350-02.jpg","contentUrl":"https:\/\/www.thermobile.com\/wp-content\/uploads\/2025\/08\/30351000-MBSC-350-02.jpg","width":1920,"height":1393},{"@type":"BreadcrumbList","@id":"https:\/\/www.thermobile.com\/product\/mbsc-165\/#breadcrumb","itemListElement":[{"@type":"ListItem","position":1,"name":"Home","item":"https:\/\/www.thermobile.com\/de\/"},{"@type":"ListItem","position":2,"name":"Boutique","item":"https:\/\/www.thermobile.com\/de\/boutique\/"},{"@type":"ListItem","position":3,"name":"MBSC-165"}]},{"@type":"WebSite","@id":"https:\/\/www.thermobile.com\/#website","url":"https:\/\/www.thermobile.com\/","name":"Thermobile","description":"","potentialAction":[{"@type":"SearchAction","target":{"@type":"EntryPoint","urlTemplate":"https:\/\/www.thermobile.com\/?s={search_term_string}"},"query-input":{"@type":"PropertyValueSpecification","valueRequired":true,"valueName":"search_term_string"}}],"inLanguage":"de"}]}},"_links":{"self":[{"href":"https:\/\/www.thermobile.com\/de\/wp-json\/wp\/v2\/product\/10238","targetHints":{"allow":["GET"]}}],"collection":[{"href":"https:\/\/www.thermobile.com\/de\/wp-json\/wp\/v2\/product"}],"about":[{"href":"https:\/\/www.thermobile.com\/de\/wp-json\/wp\/v2\/types\/product"}],"replies":[{"embeddable":true,"href":"https:\/\/www.thermobile.com\/de\/wp-json\/wp\/v2\/comments?post=10238"}],"wp:featuredmedia":[{"embeddable":true,"href":"https:\/\/www.thermobile.com\/de\/wp-json\/wp\/v2\/media\/10233"}],"wp:attachment":[{"href":"https:\/\/www.thermobile.com\/de\/wp-json\/wp\/v2\/media?parent=10238"}],"wp:term":[{"taxonomy":"room","embeddable":true,"href":"https:\/\/www.thermobile.com\/de\/wp-json\/wp\/v2\/room?post=10238"},{"taxonomy":"sector","embeddable":true,"href":"https:\/\/www.thermobile.com\/de\/wp-json\/wp\/v2\/sector?post=10238"},{"taxonomy":"fuel-type","embeddable":true,"href":"https:\/\/www.thermobile.com\/de\/wp-json\/wp\/v2\/fuel-type?post=10238"},{"taxonomy":"product_brand","embeddable":true,"href":"https:\/\/www.thermobile.com\/de\/wp-json\/wp\/v2\/product_brand?post=10238"},{"taxonomy":"product_cat","embeddable":true,"href":"https:\/\/www.thermobile.com\/de\/wp-json\/wp\/v2\/product_cat?post=10238"},{"taxonomy":"product_tag","embeddable":true,"href":"https:\/\/www.thermobile.com\/de\/wp-json\/wp\/v2\/product_tag?post=10238"}],"curies":[{"name":"wp","href":"https:\/\/api.w.org\/{rel}","templated":true}]}}