{"id":10163,"date":"2025-08-06T08:29:05","date_gmt":"2025-08-06T08:29:05","guid":{"rendered":"https:\/\/www.thermobile.com\/product\/mbc-350\/"},"modified":"2025-11-10T08:12:08","modified_gmt":"2025-11-10T08:12:08","slug":"mbc-350","status":"publish","type":"product","link":"https:\/\/www.thermobile.com\/de\/product\/mbc-350\/","title":{"rendered":"MBT-350"},"content":{"rendered":"","protected":false},"excerpt":{"rendered":"","protected":false},"featured_media":10140,"comment_status":"open","ping_status":"open","template":"","meta":{"_acf_changed":false},"room":[216,215,841,217],"sector":[218,219,247,246,249],"fuel-type":[691],"product_brand":[],"product_cat":[1349,751],"product_tag":[],"class_list":{"0":"post-10163","1":"product","2":"type-product","3":"status-publish","4":"has-post-thumbnail","6":"room-baustelle","7":"room-industriehalle","8":"room-werkstatt","9":"room-zelt","10":"sector-bau","11":"sector-industrie","12":"sector-notbeheizung","13":"sector-veranstaltungen","14":"sector-vermietung","15":"fuel-type-heizkessel","16":"product_cat-mbt-de","17":"product_cat-mobile-heizung","19":"first","20":"onbackorder","21":"shipping-taxable","22":"purchasable","23":"product-type-simple"},"acf":[],"yoast_head":"<!-- This site is optimized with the Yoast SEO plugin v25.9 - https:\/\/yoast.com\/wordpress\/plugins\/seo\/ -->\n<title>MBT-350 Mobile Heizzentrale | Leistungsstarke &amp; effiziente W\u00e4rmeversorgung<\/title>\n<meta name=\"description\" content=\"Die MBT-350 von Thermobile: mobile, \u00f6lbetriebene Heizzentrale mit 350\u202fkW Leistung, integrierter Wasserpumpe und HVO-\/GTL-Kompatibilit\u00e4t. Ideal f\u00fcr tempor\u00e4re W\u00e4rmeversorgung.\" \/>\n<meta name=\"robots\" content=\"index, follow, max-snippet:-1, max-image-preview:large, max-video-preview:-1\" \/>\n<link rel=\"canonical\" href=\"https:\/\/www.thermobile.com\/product\/mbc-350\/\" \/>\n<meta property=\"og:locale\" content=\"de_DE\" \/>\n<meta property=\"og:type\" content=\"article\" \/>\n<meta property=\"og:title\" content=\"MBT-350 Mobile Heizzentrale | Leistungsstarke &amp; effiziente W\u00e4rmeversorgung\" \/>\n<meta property=\"og:description\" content=\"Die MBT-350 von Thermobile: mobile, \u00f6lbetriebene Heizzentrale mit 350\u202fkW Leistung, integrierter Wasserpumpe und HVO-\/GTL-Kompatibilit\u00e4t. Ideal f\u00fcr tempor\u00e4re W\u00e4rmeversorgung.\" \/>\n<meta property=\"og:url\" content=\"https:\/\/www.thermobile.com\/product\/mbc-350\/\" \/>\n<meta property=\"og:site_name\" content=\"Thermobile\" \/>\n<meta property=\"article:modified_time\" content=\"2025-11-10T08:12:08+00:00\" \/>\n<meta property=\"og:image\" content=\"https:\/\/www.thermobile.com\/wp-content\/uploads\/2025\/08\/30350000-MBT-350-01.jpg\" \/>\n\t<meta property=\"og:image:width\" content=\"1920\" \/>\n\t<meta property=\"og:image:height\" content=\"1393\" \/>\n\t<meta property=\"og:image:type\" content=\"image\/jpeg\" \/>\n<meta name=\"twitter:card\" content=\"summary_large_image\" \/>\n<script type=\"application\/ld+json\" class=\"yoast-schema-graph\">{\"@context\":\"https:\/\/schema.org\",\"@graph\":[{\"@type\":\"WebPage\",\"@id\":\"https:\/\/www.thermobile.com\/product\/mbc-350\/\",\"url\":\"https:\/\/www.thermobile.com\/product\/mbc-350\/\",\"name\":\"MBT-350 Mobile Heizzentrale | Leistungsstarke & effiziente W\u00e4rmeversorgung\",\"isPartOf\":{\"@id\":\"https:\/\/www.thermobile.com\/#website\"},\"primaryImageOfPage\":{\"@id\":\"https:\/\/www.thermobile.com\/product\/mbc-350\/#primaryimage\"},\"image\":{\"@id\":\"https:\/\/www.thermobile.com\/product\/mbc-350\/#primaryimage\"},\"thumbnailUrl\":\"https:\/\/www.thermobile.com\/wp-content\/uploads\/2025\/08\/30350000-MBT-350-01.jpg\",\"datePublished\":\"2025-08-06T08:29:05+00:00\",\"dateModified\":\"2025-11-10T08:12:08+00:00\",\"description\":\"Die MBT-350 von Thermobile: mobile, \u00f6lbetriebene Heizzentrale mit 350\u202fkW Leistung, integrierter Wasserpumpe und HVO-\/GTL-Kompatibilit\u00e4t. Ideal f\u00fcr tempor\u00e4re W\u00e4rmeversorgung.\",\"breadcrumb\":{\"@id\":\"https:\/\/www.thermobile.com\/product\/mbc-350\/#breadcrumb\"},\"inLanguage\":\"de\",\"potentialAction\":[{\"@type\":\"ReadAction\",\"target\":[\"https:\/\/www.thermobile.com\/product\/mbc-350\/\"]}]},{\"@type\":\"ImageObject\",\"inLanguage\":\"de\",\"@id\":\"https:\/\/www.thermobile.com\/product\/mbc-350\/#primaryimage\",\"url\":\"https:\/\/www.thermobile.com\/wp-content\/uploads\/2025\/08\/30350000-MBT-350-01.jpg\",\"contentUrl\":\"https:\/\/www.thermobile.com\/wp-content\/uploads\/2025\/08\/30350000-MBT-350-01.jpg\",\"width\":1920,\"height\":1393},{\"@type\":\"BreadcrumbList\",\"@id\":\"https:\/\/www.thermobile.com\/product\/mbc-350\/#breadcrumb\",\"itemListElement\":[{\"@type\":\"ListItem\",\"position\":1,\"name\":\"Home\",\"item\":\"https:\/\/www.thermobile.com\/de\/\"},{\"@type\":\"ListItem\",\"position\":2,\"name\":\"Boutique\",\"item\":\"https:\/\/www.thermobile.com\/de\/boutique\/\"},{\"@type\":\"ListItem\",\"position\":3,\"name\":\"MBT-350\"}]},{\"@type\":\"WebSite\",\"@id\":\"https:\/\/www.thermobile.com\/#website\",\"url\":\"https:\/\/www.thermobile.com\/\",\"name\":\"Thermobile\",\"description\":\"\",\"potentialAction\":[{\"@type\":\"SearchAction\",\"target\":{\"@type\":\"EntryPoint\",\"urlTemplate\":\"https:\/\/www.thermobile.com\/?s={search_term_string}\"},\"query-input\":{\"@type\":\"PropertyValueSpecification\",\"valueRequired\":true,\"valueName\":\"search_term_string\"}}],\"inLanguage\":\"de\"}]}<\/script>\n<!-- \/ Yoast SEO plugin. -->","yoast_head_json":{"title":"MBT-350 Mobile Heizzentrale | Leistungsstarke & effiziente W\u00e4rmeversorgung","description":"Die MBT-350 von Thermobile: mobile, \u00f6lbetriebene Heizzentrale mit 350\u202fkW Leistung, integrierter Wasserpumpe und HVO-\/GTL-Kompatibilit\u00e4t. Ideal f\u00fcr tempor\u00e4re W\u00e4rmeversorgung.","robots":{"index":"index","follow":"follow","max-snippet":"max-snippet:-1","max-image-preview":"max-image-preview:large","max-video-preview":"max-video-preview:-1"},"canonical":"https:\/\/www.thermobile.com\/product\/mbc-350\/","og_locale":"de_DE","og_type":"article","og_title":"MBT-350 Mobile Heizzentrale | Leistungsstarke & effiziente W\u00e4rmeversorgung","og_description":"Die MBT-350 von Thermobile: mobile, \u00f6lbetriebene Heizzentrale mit 350\u202fkW Leistung, integrierter Wasserpumpe und HVO-\/GTL-Kompatibilit\u00e4t. Ideal f\u00fcr tempor\u00e4re W\u00e4rmeversorgung.","og_url":"https:\/\/www.thermobile.com\/product\/mbc-350\/","og_site_name":"Thermobile","article_modified_time":"2025-11-10T08:12:08+00:00","og_image":[{"width":1920,"height":1393,"url":"https:\/\/www.thermobile.com\/wp-content\/uploads\/2025\/08\/30350000-MBT-350-01.jpg","type":"image\/jpeg"}],"twitter_card":"summary_large_image","schema":{"@context":"https:\/\/schema.org","@graph":[{"@type":"WebPage","@id":"https:\/\/www.thermobile.com\/product\/mbc-350\/","url":"https:\/\/www.thermobile.com\/product\/mbc-350\/","name":"MBT-350 Mobile Heizzentrale | Leistungsstarke & effiziente W\u00e4rmeversorgung","isPartOf":{"@id":"https:\/\/www.thermobile.com\/#website"},"primaryImageOfPage":{"@id":"https:\/\/www.thermobile.com\/product\/mbc-350\/#primaryimage"},"image":{"@id":"https:\/\/www.thermobile.com\/product\/mbc-350\/#primaryimage"},"thumbnailUrl":"https:\/\/www.thermobile.com\/wp-content\/uploads\/2025\/08\/30350000-MBT-350-01.jpg","datePublished":"2025-08-06T08:29:05+00:00","dateModified":"2025-11-10T08:12:08+00:00","description":"Die MBT-350 von Thermobile: mobile, \u00f6lbetriebene Heizzentrale mit 350\u202fkW Leistung, integrierter Wasserpumpe und HVO-\/GTL-Kompatibilit\u00e4t. Ideal f\u00fcr tempor\u00e4re W\u00e4rmeversorgung.","breadcrumb":{"@id":"https:\/\/www.thermobile.com\/product\/mbc-350\/#breadcrumb"},"inLanguage":"de","potentialAction":[{"@type":"ReadAction","target":["https:\/\/www.thermobile.com\/product\/mbc-350\/"]}]},{"@type":"ImageObject","inLanguage":"de","@id":"https:\/\/www.thermobile.com\/product\/mbc-350\/#primaryimage","url":"https:\/\/www.thermobile.com\/wp-content\/uploads\/2025\/08\/30350000-MBT-350-01.jpg","contentUrl":"https:\/\/www.thermobile.com\/wp-content\/uploads\/2025\/08\/30350000-MBT-350-01.jpg","width":1920,"height":1393},{"@type":"BreadcrumbList","@id":"https:\/\/www.thermobile.com\/product\/mbc-350\/#breadcrumb","itemListElement":[{"@type":"ListItem","position":1,"name":"Home","item":"https:\/\/www.thermobile.com\/de\/"},{"@type":"ListItem","position":2,"name":"Boutique","item":"https:\/\/www.thermobile.com\/de\/boutique\/"},{"@type":"ListItem","position":3,"name":"MBT-350"}]},{"@type":"WebSite","@id":"https:\/\/www.thermobile.com\/#website","url":"https:\/\/www.thermobile.com\/","name":"Thermobile","description":"","potentialAction":[{"@type":"SearchAction","target":{"@type":"EntryPoint","urlTemplate":"https:\/\/www.thermobile.com\/?s={search_term_string}"},"query-input":{"@type":"PropertyValueSpecification","valueRequired":true,"valueName":"search_term_string"}}],"inLanguage":"de"}]}},"_links":{"self":[{"href":"https:\/\/www.thermobile.com\/de\/wp-json\/wp\/v2\/product\/10163","targetHints":{"allow":["GET"]}}],"collection":[{"href":"https:\/\/www.thermobile.com\/de\/wp-json\/wp\/v2\/product"}],"about":[{"href":"https:\/\/www.thermobile.com\/de\/wp-json\/wp\/v2\/types\/product"}],"replies":[{"embeddable":true,"href":"https:\/\/www.thermobile.com\/de\/wp-json\/wp\/v2\/comments?post=10163"}],"wp:featuredmedia":[{"embeddable":true,"href":"https:\/\/www.thermobile.com\/de\/wp-json\/wp\/v2\/media\/10140"}],"wp:attachment":[{"href":"https:\/\/www.thermobile.com\/de\/wp-json\/wp\/v2\/media?parent=10163"}],"wp:term":[{"taxonomy":"room","embeddable":true,"href":"https:\/\/www.thermobile.com\/de\/wp-json\/wp\/v2\/room?post=10163"},{"taxonomy":"sector","embeddable":true,"href":"https:\/\/www.thermobile.com\/de\/wp-json\/wp\/v2\/sector?post=10163"},{"taxonomy":"fuel-type","embeddable":true,"href":"https:\/\/www.thermobile.com\/de\/wp-json\/wp\/v2\/fuel-type?post=10163"},{"taxonomy":"product_brand","embeddable":true,"href":"https:\/\/www.thermobile.com\/de\/wp-json\/wp\/v2\/product_brand?post=10163"},{"taxonomy":"product_cat","embeddable":true,"href":"https:\/\/www.thermobile.com\/de\/wp-json\/wp\/v2\/product_cat?post=10163"},{"taxonomy":"product_tag","embeddable":true,"href":"https:\/\/www.thermobile.com\/de\/wp-json\/wp\/v2\/product_tag?post=10163"}],"curies":[{"name":"wp","href":"https:\/\/api.w.org\/{rel}","templated":true}]}}