{"id":8650,"date":"2023-06-08T19:49:43","date_gmt":"2023-06-08T19:49:43","guid":{"rendered":"https:\/\/thermobile.falkor.alcor.cloud\/projets-des-clients\/"},"modified":"2024-09-25T15:47:18","modified_gmt":"2024-09-25T15:47:18","slug":"kundenprojekte","status":"publish","type":"page","link":"https:\/\/www.thermobile.com\/de\/kundenprojekte\/","title":{"rendered":"Kundenprojekte"},"content":{"rendered":"<p>Wir bei Thermobile sind stolz darauf, mit verschiedenen Kunden zusammenzuarbeiten, um einzigartige Heizungsl\u00f6sungen zu realisieren. Auf dieser Seite finden Sie einen \u00dcberblick \u00fcber einige unserer erfolgreich abgeschlossenen Projekte, bei denen unsere mobilen Heizsysteme im Mittelpunkt standen. Ob es sich um tempor\u00e4re Notunterk\u00fcnfte oder langfristige Heizl\u00f6sungen handelt, jedes Projekt spiegelt unser Engagement f\u00fcr Qualit\u00e4t, Effizienz und Kundenzufriedenheit wider.<\/p>\n","protected":false},"excerpt":{"rendered":"<p>Wir bei Thermobile sind stolz darauf, mit verschiedenen Kunden zusammenzuarbeiten, um einzigartige Heizungsl\u00f6sungen zu realisieren. Auf dieser Seite finden Sie einen \u00dcberblick \u00fcber einige unserer erfolgreich abgeschlossenen Projekte, bei denen unsere mobilen Heizsysteme im Mittelpunkt standen. Ob es sich um tempor\u00e4re Notunterk\u00fcnfte oder langfristige Heizl\u00f6sungen handelt, jedes Projekt spiegelt unser Engagement f\u00fcr Qualit\u00e4t, Effizienz und [&hellip;]<\/p>\n","protected":false},"author":779,"featured_media":0,"parent":0,"menu_order":0,"comment_status":"closed","ping_status":"closed","template":"template-client-cases.php","meta":{"_acf_changed":false,"footnotes":""},"folder":[],"class_list":["post-8650","page","type-page","status-publish","hentry"],"acf":[],"yoast_head":"<!-- This site is optimized with the Yoast SEO plugin v25.9 - https:\/\/yoast.com\/wordpress\/plugins\/seo\/ -->\n<title>Kundenprojekte - Thermobile<\/title>\n<meta name=\"description\" content=\"Entdecken Sie die erfolgreichen Kundenprojekte von Thermobile. Sehen Sie, wie unsere innovativen W\u00e4rmel\u00f6sungen in verschiedenen Sektoren eingesetzt wurden.\" \/>\n<meta name=\"robots\" content=\"index, follow, max-snippet:-1, max-image-preview:large, max-video-preview:-1\" \/>\n<link rel=\"canonical\" href=\"https:\/\/www.thermobile.com\/de\/kundenprojekte\/\" \/>\n<meta property=\"og:locale\" content=\"de_DE\" \/>\n<meta property=\"og:type\" content=\"article\" \/>\n<meta property=\"og:title\" content=\"Kundenprojekte - Thermobile\" \/>\n<meta property=\"og:description\" content=\"Entdecken Sie die erfolgreichen Kundenprojekte von Thermobile. Sehen Sie, wie unsere innovativen W\u00e4rmel\u00f6sungen in verschiedenen Sektoren eingesetzt wurden.\" \/>\n<meta property=\"og:url\" content=\"https:\/\/www.thermobile.com\/de\/kundenprojekte\/\" \/>\n<meta property=\"og:site_name\" content=\"Thermobile\" \/>\n<meta property=\"article:modified_time\" content=\"2024-09-25T15:47:18+00:00\" \/>\n<meta name=\"twitter:card\" content=\"summary_large_image\" \/>\n<meta name=\"twitter:label1\" content=\"Gesch\u00e4tzte Lesezeit\" \/>\n\t<meta name=\"twitter:data1\" content=\"1\u00a0Minute\" \/>\n<script type=\"application\/ld+json\" class=\"yoast-schema-graph\">{\"@context\":\"https:\/\/schema.org\",\"@graph\":[{\"@type\":\"WebPage\",\"@id\":\"https:\/\/www.thermobile.com\/de\/kundenprojekte\/\",\"url\":\"https:\/\/www.thermobile.com\/de\/kundenprojekte\/\",\"name\":\"Kundenprojekte - Thermobile\",\"isPartOf\":{\"@id\":\"https:\/\/www.thermobile.com\/#website\"},\"datePublished\":\"2023-06-08T19:49:43+00:00\",\"dateModified\":\"2024-09-25T15:47:18+00:00\",\"description\":\"Entdecken Sie die erfolgreichen Kundenprojekte von Thermobile. Sehen Sie, wie unsere innovativen W\u00e4rmel\u00f6sungen in verschiedenen Sektoren eingesetzt wurden.\",\"breadcrumb\":{\"@id\":\"https:\/\/www.thermobile.com\/de\/kundenprojekte\/#breadcrumb\"},\"inLanguage\":\"de\",\"potentialAction\":[{\"@type\":\"ReadAction\",\"target\":[\"https:\/\/www.thermobile.com\/de\/kundenprojekte\/\"]}]},{\"@type\":\"BreadcrumbList\",\"@id\":\"https:\/\/www.thermobile.com\/de\/kundenprojekte\/#breadcrumb\",\"itemListElement\":[{\"@type\":\"ListItem\",\"position\":1,\"name\":\"Home\",\"item\":\"https:\/\/www.thermobile.com\/de\/\"},{\"@type\":\"ListItem\",\"position\":2,\"name\":\"Kundenprojekte\"}]},{\"@type\":\"WebSite\",\"@id\":\"https:\/\/www.thermobile.com\/#website\",\"url\":\"https:\/\/www.thermobile.com\/\",\"name\":\"Thermobile\",\"description\":\"\",\"potentialAction\":[{\"@type\":\"SearchAction\",\"target\":{\"@type\":\"EntryPoint\",\"urlTemplate\":\"https:\/\/www.thermobile.com\/?s={search_term_string}\"},\"query-input\":{\"@type\":\"PropertyValueSpecification\",\"valueRequired\":true,\"valueName\":\"search_term_string\"}}],\"inLanguage\":\"de\"}]}<\/script>\n<!-- \/ Yoast SEO plugin. -->","yoast_head_json":{"title":"Kundenprojekte - Thermobile","description":"Entdecken Sie die erfolgreichen Kundenprojekte von Thermobile. Sehen Sie, wie unsere innovativen W\u00e4rmel\u00f6sungen in verschiedenen Sektoren eingesetzt wurden.","robots":{"index":"index","follow":"follow","max-snippet":"max-snippet:-1","max-image-preview":"max-image-preview:large","max-video-preview":"max-video-preview:-1"},"canonical":"https:\/\/www.thermobile.com\/de\/kundenprojekte\/","og_locale":"de_DE","og_type":"article","og_title":"Kundenprojekte - Thermobile","og_description":"Entdecken Sie die erfolgreichen Kundenprojekte von Thermobile. Sehen Sie, wie unsere innovativen W\u00e4rmel\u00f6sungen in verschiedenen Sektoren eingesetzt wurden.","og_url":"https:\/\/www.thermobile.com\/de\/kundenprojekte\/","og_site_name":"Thermobile","article_modified_time":"2024-09-25T15:47:18+00:00","twitter_card":"summary_large_image","twitter_misc":{"Gesch\u00e4tzte Lesezeit":"1\u00a0Minute"},"schema":{"@context":"https:\/\/schema.org","@graph":[{"@type":"WebPage","@id":"https:\/\/www.thermobile.com\/de\/kundenprojekte\/","url":"https:\/\/www.thermobile.com\/de\/kundenprojekte\/","name":"Kundenprojekte - Thermobile","isPartOf":{"@id":"https:\/\/www.thermobile.com\/#website"},"datePublished":"2023-06-08T19:49:43+00:00","dateModified":"2024-09-25T15:47:18+00:00","description":"Entdecken Sie die erfolgreichen Kundenprojekte von Thermobile. Sehen Sie, wie unsere innovativen W\u00e4rmel\u00f6sungen in verschiedenen Sektoren eingesetzt wurden.","breadcrumb":{"@id":"https:\/\/www.thermobile.com\/de\/kundenprojekte\/#breadcrumb"},"inLanguage":"de","potentialAction":[{"@type":"ReadAction","target":["https:\/\/www.thermobile.com\/de\/kundenprojekte\/"]}]},{"@type":"BreadcrumbList","@id":"https:\/\/www.thermobile.com\/de\/kundenprojekte\/#breadcrumb","itemListElement":[{"@type":"ListItem","position":1,"name":"Home","item":"https:\/\/www.thermobile.com\/de\/"},{"@type":"ListItem","position":2,"name":"Kundenprojekte"}]},{"@type":"WebSite","@id":"https:\/\/www.thermobile.com\/#website","url":"https:\/\/www.thermobile.com\/","name":"Thermobile","description":"","potentialAction":[{"@type":"SearchAction","target":{"@type":"EntryPoint","urlTemplate":"https:\/\/www.thermobile.com\/?s={search_term_string}"},"query-input":{"@type":"PropertyValueSpecification","valueRequired":true,"valueName":"search_term_string"}}],"inLanguage":"de"}]}},"_links":{"self":[{"href":"https:\/\/www.thermobile.com\/de\/wp-json\/wp\/v2\/pages\/8650","targetHints":{"allow":["GET"]}}],"collection":[{"href":"https:\/\/www.thermobile.com\/de\/wp-json\/wp\/v2\/pages"}],"about":[{"href":"https:\/\/www.thermobile.com\/de\/wp-json\/wp\/v2\/types\/page"}],"author":[{"embeddable":true,"href":"https:\/\/www.thermobile.com\/de\/wp-json\/wp\/v2\/users\/779"}],"replies":[{"embeddable":true,"href":"https:\/\/www.thermobile.com\/de\/wp-json\/wp\/v2\/comments?post=8650"}],"version-history":[{"count":1,"href":"https:\/\/www.thermobile.com\/de\/wp-json\/wp\/v2\/pages\/8650\/revisions"}],"predecessor-version":[{"id":8651,"href":"https:\/\/www.thermobile.com\/de\/wp-json\/wp\/v2\/pages\/8650\/revisions\/8651"}],"wp:attachment":[{"href":"https:\/\/www.thermobile.com\/de\/wp-json\/wp\/v2\/media?parent=8650"}],"wp:term":[{"taxonomy":"folder","embeddable":true,"href":"https:\/\/www.thermobile.com\/de\/wp-json\/wp\/v2\/folder?post=8650"}],"curies":[{"name":"wp","href":"https:\/\/api.w.org\/{rel}","templated":true}]}}