{"id":7892,"date":"2023-07-05T03:12:01","date_gmt":"2023-07-05T03:12:01","guid":{"rendered":"https:\/\/thermobile.falkor.alcor.cloud\/algemene-voorwaarden\/"},"modified":"2025-08-07T07:43:20","modified_gmt":"2025-08-07T07:43:20","slug":"allgemeine-geschaeftsbedingungen","status":"publish","type":"page","link":"https:\/\/www.thermobile.com\/de\/allgemeine-geschaeftsbedingungen\/","title":{"rendered":"Allgemeine Gesch\u00e4ftsbedingungen"},"content":{"rendered":"<p>&nbsp;<\/p>\n<p>Diese Bedingungen sind eine Deutsche \u00dcbersetzung der niederl\u00e4ndischen Fassung der<br \/>\n\u201eMetaalunievoorwaarden\u201c. Diese \u00dcbersetzung dient ausschlie\u00dflich der besseren Verst\u00e4ndlichkeit f\u00fcr<br \/>\nSie. Der Vertrag wird mit Ihnen jedoch in Deutsche Sprache geschlossen.<\/p>\n<p>&nbsp;<\/p>\n<h4>BEDINGUNGEN UND KONDITIONEN<\/h4>\n<p>In allen F\u00e4llen, in denen wir als Anbieter oder Auftragnehmer auftreten, finden die<br \/>\nALLGEMEINEN GESCH\u00c4FTSBEDINGUNGEN DER METAALUNIE Anwendung auf unsere<br \/>\nAngebote, an uns erteilte Auftr\u00e4ge und mit uns geschlossene Vertr\u00e4ge. Diese AGB sind bei<br \/>\nder Gesch\u00e4ftsstelle der Rechtbank Rotterdam hinterlegt worden.<\/p>\n<p><a href=\"https:\/\/www.thermobile.com\/wp-content\/uploads\/2025\/08\/Metaalunievoorwaarden-2025-Duits-1.pdf\">Metaalunie Bedingungen 2025 &#8211; Deutsch<\/a><\/p>\n<p>&nbsp;<\/p>\n<h4>SPEZIFISCHE BEDINGUNGEN DER THERMOBILE INDUSTRIES B.V.<\/h4>\n<p>(Diese Bedingungen gelten zus\u00e4tzlich zu und abweichend von den Metaalunie-Bedingungen)<\/p>\n<ol>\n<li><strong>Zahlung und Kreditversicherung<\/strong><br \/>\nThermobile arbeitet mit der Kreditversicherung Coface. Nur wenn der Kredit<br \/>\ngenehmigt wird, gilt ein Zahlungsziel von 30 Tagen ab Rechnungsdatum. In allen<br \/>\nanderen F\u00e4llen ist eine Vorauszahlung erforderlich.<\/li>\n<li><strong>Garantie<\/strong><br \/>\n(Abweichend) von der in Artikel 13.1 der Metaalunie-Bedingungen genannten Frist<br \/>\nerhalten Sie 1 Jahr Garantie auf Konstruktions-, Material- und Fertigungsfehler.<\/li>\n<li><strong>Lieferung<\/strong><br \/>\nDie Lieferung erfolgt gem\u00e4\u00df FCA Incoterms 2020 Breda, mit Ausnahme von<br \/>\nLieferungen in die Niederlande oder nach Belgien von Hauptprodukten, wie auf<br \/>\nSeite 2 bis 5 der Preisliste aufgef\u00fchrt. In diesen F\u00e4llen gelten DAP Incoterms 2020 an<br \/>\ndie vereinbarte Adresse.<\/li>\n<li><strong>Verwaltungsgeb\u00fchr bei Kleinbestellungen<\/strong><br \/>\nF\u00fcr Bestellungen mit einem Warenwert von weniger als \u20ac 100 wird zus\u00e4tzlich zu den<br \/>\nVersandkosten eine Verwaltungsgeb\u00fchr von \u20ac 15 berechnet.<\/li>\n<\/ol>\n<p>&nbsp;<\/p>\n<p>&nbsp;<\/p>\n","protected":false},"excerpt":{"rendered":"<p>&nbsp; Diese Bedingungen sind eine Deutsche \u00dcbersetzung der niederl\u00e4ndischen Fassung der \u201eMetaalunievoorwaarden\u201c. Diese \u00dcbersetzung dient ausschlie\u00dflich der besseren Verst\u00e4ndlichkeit f\u00fcr Sie. Der Vertrag wird mit Ihnen jedoch in Deutsche Sprache geschlossen. &nbsp; BEDINGUNGEN UND KONDITIONEN In allen F\u00e4llen, in denen wir als Anbieter oder Auftragnehmer auftreten, finden die ALLGEMEINEN GESCH\u00c4FTSBEDINGUNGEN DER METAALUNIE Anwendung auf unsere [&hellip;]<\/p>\n","protected":false},"author":1,"featured_media":0,"parent":0,"menu_order":0,"comment_status":"closed","ping_status":"closed","template":"","meta":{"_acf_changed":false,"footnotes":""},"folder":[],"class_list":["post-7892","page","type-page","status-publish","hentry"],"acf":[],"yoast_head":"<!-- This site is optimized with the Yoast SEO plugin v25.9 - https:\/\/yoast.com\/wordpress\/plugins\/seo\/ -->\n<title>Allgemeine Gesch\u00e4ftsbedingungen- Thermobile<\/title>\n<meta name=\"description\" content=\"Lesen Sie die Allgemeinen Gesch\u00e4ftsbedingungen von Thermobile, um zu verstehen, wie wir unsere Dienstleistungen anbieten und welche Regeln gelten.\" \/>\n<meta name=\"robots\" content=\"index, follow, max-snippet:-1, max-image-preview:large, max-video-preview:-1\" \/>\n<link rel=\"canonical\" href=\"https:\/\/www.thermobile.com\/de\/allgemeine-geschaeftsbedingungen\/\" \/>\n<meta property=\"og:locale\" content=\"de_DE\" \/>\n<meta property=\"og:type\" content=\"article\" \/>\n<meta property=\"og:title\" content=\"Allgemeine Gesch\u00e4ftsbedingungen- Thermobile\" \/>\n<meta property=\"og:description\" content=\"Lesen Sie die Allgemeinen Gesch\u00e4ftsbedingungen von Thermobile, um zu verstehen, wie wir unsere Dienstleistungen anbieten und welche Regeln gelten.\" \/>\n<meta property=\"og:url\" content=\"https:\/\/www.thermobile.com\/de\/allgemeine-geschaeftsbedingungen\/\" \/>\n<meta property=\"og:site_name\" content=\"Thermobile\" \/>\n<meta property=\"article:modified_time\" content=\"2025-08-07T07:43:20+00:00\" \/>\n<meta name=\"twitter:card\" content=\"summary_large_image\" \/>\n<meta name=\"twitter:label1\" content=\"Gesch\u00e4tzte Lesezeit\" \/>\n\t<meta name=\"twitter:data1\" content=\"2\u00a0Minute\" \/>\n<script type=\"application\/ld+json\" class=\"yoast-schema-graph\">{\"@context\":\"https:\/\/schema.org\",\"@graph\":[{\"@type\":\"WebPage\",\"@id\":\"https:\/\/www.thermobile.com\/de\/allgemeine-geschaeftsbedingungen\/\",\"url\":\"https:\/\/www.thermobile.com\/de\/allgemeine-geschaeftsbedingungen\/\",\"name\":\"Allgemeine Gesch\u00e4ftsbedingungen- Thermobile\",\"isPartOf\":{\"@id\":\"https:\/\/www.thermobile.com\/#website\"},\"datePublished\":\"2023-07-05T03:12:01+00:00\",\"dateModified\":\"2025-08-07T07:43:20+00:00\",\"description\":\"Lesen Sie die Allgemeinen Gesch\u00e4ftsbedingungen von Thermobile, um zu verstehen, wie wir unsere Dienstleistungen anbieten und welche Regeln gelten.\",\"breadcrumb\":{\"@id\":\"https:\/\/www.thermobile.com\/de\/allgemeine-geschaeftsbedingungen\/#breadcrumb\"},\"inLanguage\":\"de\",\"potentialAction\":[{\"@type\":\"ReadAction\",\"target\":[\"https:\/\/www.thermobile.com\/de\/allgemeine-geschaeftsbedingungen\/\"]}]},{\"@type\":\"BreadcrumbList\",\"@id\":\"https:\/\/www.thermobile.com\/de\/allgemeine-geschaeftsbedingungen\/#breadcrumb\",\"itemListElement\":[{\"@type\":\"ListItem\",\"position\":1,\"name\":\"Home\",\"item\":\"https:\/\/www.thermobile.com\/de\/\"},{\"@type\":\"ListItem\",\"position\":2,\"name\":\"Allgemeine Gesch\u00e4ftsbedingungen\"}]},{\"@type\":\"WebSite\",\"@id\":\"https:\/\/www.thermobile.com\/#website\",\"url\":\"https:\/\/www.thermobile.com\/\",\"name\":\"Thermobile\",\"description\":\"\",\"potentialAction\":[{\"@type\":\"SearchAction\",\"target\":{\"@type\":\"EntryPoint\",\"urlTemplate\":\"https:\/\/www.thermobile.com\/?s={search_term_string}\"},\"query-input\":{\"@type\":\"PropertyValueSpecification\",\"valueRequired\":true,\"valueName\":\"search_term_string\"}}],\"inLanguage\":\"de\"}]}<\/script>\n<!-- \/ Yoast SEO plugin. -->","yoast_head_json":{"title":"Allgemeine Gesch\u00e4ftsbedingungen- Thermobile","description":"Lesen Sie die Allgemeinen Gesch\u00e4ftsbedingungen von Thermobile, um zu verstehen, wie wir unsere Dienstleistungen anbieten und welche Regeln gelten.","robots":{"index":"index","follow":"follow","max-snippet":"max-snippet:-1","max-image-preview":"max-image-preview:large","max-video-preview":"max-video-preview:-1"},"canonical":"https:\/\/www.thermobile.com\/de\/allgemeine-geschaeftsbedingungen\/","og_locale":"de_DE","og_type":"article","og_title":"Allgemeine Gesch\u00e4ftsbedingungen- Thermobile","og_description":"Lesen Sie die Allgemeinen Gesch\u00e4ftsbedingungen von Thermobile, um zu verstehen, wie wir unsere Dienstleistungen anbieten und welche Regeln gelten.","og_url":"https:\/\/www.thermobile.com\/de\/allgemeine-geschaeftsbedingungen\/","og_site_name":"Thermobile","article_modified_time":"2025-08-07T07:43:20+00:00","twitter_card":"summary_large_image","twitter_misc":{"Gesch\u00e4tzte Lesezeit":"2\u00a0Minute"},"schema":{"@context":"https:\/\/schema.org","@graph":[{"@type":"WebPage","@id":"https:\/\/www.thermobile.com\/de\/allgemeine-geschaeftsbedingungen\/","url":"https:\/\/www.thermobile.com\/de\/allgemeine-geschaeftsbedingungen\/","name":"Allgemeine Gesch\u00e4ftsbedingungen- Thermobile","isPartOf":{"@id":"https:\/\/www.thermobile.com\/#website"},"datePublished":"2023-07-05T03:12:01+00:00","dateModified":"2025-08-07T07:43:20+00:00","description":"Lesen Sie die Allgemeinen Gesch\u00e4ftsbedingungen von Thermobile, um zu verstehen, wie wir unsere Dienstleistungen anbieten und welche Regeln gelten.","breadcrumb":{"@id":"https:\/\/www.thermobile.com\/de\/allgemeine-geschaeftsbedingungen\/#breadcrumb"},"inLanguage":"de","potentialAction":[{"@type":"ReadAction","target":["https:\/\/www.thermobile.com\/de\/allgemeine-geschaeftsbedingungen\/"]}]},{"@type":"BreadcrumbList","@id":"https:\/\/www.thermobile.com\/de\/allgemeine-geschaeftsbedingungen\/#breadcrumb","itemListElement":[{"@type":"ListItem","position":1,"name":"Home","item":"https:\/\/www.thermobile.com\/de\/"},{"@type":"ListItem","position":2,"name":"Allgemeine Gesch\u00e4ftsbedingungen"}]},{"@type":"WebSite","@id":"https:\/\/www.thermobile.com\/#website","url":"https:\/\/www.thermobile.com\/","name":"Thermobile","description":"","potentialAction":[{"@type":"SearchAction","target":{"@type":"EntryPoint","urlTemplate":"https:\/\/www.thermobile.com\/?s={search_term_string}"},"query-input":{"@type":"PropertyValueSpecification","valueRequired":true,"valueName":"search_term_string"}}],"inLanguage":"de"}]}},"_links":{"self":[{"href":"https:\/\/www.thermobile.com\/de\/wp-json\/wp\/v2\/pages\/7892","targetHints":{"allow":["GET"]}}],"collection":[{"href":"https:\/\/www.thermobile.com\/de\/wp-json\/wp\/v2\/pages"}],"about":[{"href":"https:\/\/www.thermobile.com\/de\/wp-json\/wp\/v2\/types\/page"}],"author":[{"embeddable":true,"href":"https:\/\/www.thermobile.com\/de\/wp-json\/wp\/v2\/users\/1"}],"replies":[{"embeddable":true,"href":"https:\/\/www.thermobile.com\/de\/wp-json\/wp\/v2\/comments?post=7892"}],"version-history":[{"count":3,"href":"https:\/\/www.thermobile.com\/de\/wp-json\/wp\/v2\/pages\/7892\/revisions"}],"predecessor-version":[{"id":10221,"href":"https:\/\/www.thermobile.com\/de\/wp-json\/wp\/v2\/pages\/7892\/revisions\/10221"}],"wp:attachment":[{"href":"https:\/\/www.thermobile.com\/de\/wp-json\/wp\/v2\/media?parent=7892"}],"wp:term":[{"taxonomy":"folder","embeddable":true,"href":"https:\/\/www.thermobile.com\/de\/wp-json\/wp\/v2\/folder?post=7892"}],"curies":[{"name":"wp","href":"https:\/\/api.w.org\/{rel}","templated":true}]}}